{"id":999,"date":"2021-02-09T19:42:20","date_gmt":"2021-02-09T18:42:20","guid":{"rendered":"https:\/\/new.fachschaft.info\/?page_id=999"},"modified":"2026-03-27T16:18:04","modified_gmt":"2026-03-27T15:18:04","slug":"top-liste","status":"publish","type":"page","link":"https:\/\/www.fachschaft.info\/en\/ueber-uns\/top-liste\/","title":{"rendered":"Topics for our next Meeting","raw":"Topics for our next Meeting"},"content":{"rendered":"<p>Our meetings are typically held in German, therefore the list of topics is also only available in German. You can view the list by switching the website display language. If you don&#8217;t speak German but would like to participate, please don&#8217;t hesitate to contact us!<\/p>\n","protected":false,"raw":"Our meetings are typically held in German, therefore the list of topics is also only available in German. You can view the list by switching the website display language. If you don't speak German but would like to participate, please don't hesitate to contact us!"},"excerpt":{"rendered":"","protected":false,"raw":""},"author":7,"featured_media":0,"parent":54,"menu_order":3,"comment_status":"closed","ping_status":"closed","template":"","meta":{"_de_post_content":"<p>Die Themen f\u00fcr die n\u00e4chste Fachschaftsrats-Sitzung stehen unten. Fachschaftler mit Account k\u00f6nnen neue Themen eintragen. Solltest du ein Thema haben, aber keinen Account, sag einfach wem Bescheid oder schreib uns eine Mail, dann f\u00fcgen wir dieses ein. <br \/>Auch wenn du dir bei etwas unsicher bist, melde dich gerne!<\/p>\n<p>TOPs sollten bis Sonntag nachmittag eingetragen werden, damit sie sicher f\u00fcr die n\u00e4chste Sitzung eingeladen werden. Dringende Themen k\u00f6nnen auch spontan behandelt werden, falls m\u00f6glich sollte aber immer f\u00fcr einen TOP eingeladen werden.<\/p>\n\n<!-- wp:table {\"hasFixedLayout\":false} -->\n<figure class=\"wp-block-table\"><table><tbody><tr><td><strong>Person<\/strong><\/td><td><strong>Dauer<\/strong><\/td><td><strong>Thema<\/strong><\/td><td><strong>Bemerkung<\/strong><\/td><\/tr><tr><td>Tobias<\/td><td>5 min<\/td><td>Kassenschl\u00fcssel <\/td><td>bitte beschlie\u00dft mir einen exzellenten Kassenschl\u00fcssel<\/td><\/tr><tr><td>Sofa<\/td><td>15 min<\/td><td>Sommerfest<\/td><td>Haben wir jemanden, der sich um das Sommerfest k\u00fcmmert? Boelix h\u00e4tte gerne bis zum 8. April jemanden.<\/td><\/tr><tr><td>Paria<\/td><td>5 min<\/td><td>Erste Semester-AWDs<\/td><td>Bitte \u00fcbernehmt AWDs f\u00fcr die ersten zwei Vorlesungswochen. Wenn alle Veranstaltungstermine bekannt sind, schauen wir noch einmal.<\/td><\/tr><tr><td>Alex<\/td><td>2 Min<\/td><td>Master-Sneak<\/td><td>Die Mathe veranstaltet ihre Master-Sneak mit uns, ich w\u00fcrde gerne den Leuten die da von uns betreuend mitgehen, das Ticket erstatten. Kosten: 11,98\/17,97\u20ac<\/td><\/tr><tr><td>Alex <\/td><td>10 Min<\/td><td>Angrillen<\/td><td>Wir veranstalten ein Grillevent mit der FS Geod\u00e4sie, daf\u00fcr braucht es Mittel, n\u00e4heres ist bitte der FS-L zu entnehmen<\/td><\/tr><tr><td>Annabelle<\/td><td>10 Min<\/td><td>Waffeln<\/td><td>Ich brauche Geld f\u00fcr Waffelzutaten! Der Finanzplan folgt im TOPs-Channel<\/td><\/tr><\/tbody><\/table><\/figure>\n<!-- \/wp:table -->\n\n<!-- wp:paragraph -->\n<p><\/p>\n<!-- \/wp:paragraph -->","_de_post_name":"top-liste","_de_post_excerpt":"","_de_post_title":"Tagesordnung f\u00fcr die n\u00e4chste Fachschaftssitzung","_en_post_content":"Our meetings are typically held in German, therefore the list of topics is also only available in German. You can view the list by switching the website display language. If you don't speak German but would like to participate, please don't hesitate to contact us!","_en_post_name":"top-liste","_en_post_excerpt":"","_en_post_title":"Topics for our next Meeting","edit_language":"en","footnotes":""},"class_list":["post-999","page","type-page","status-publish","hentry"],"_links":{"self":[{"href":"https:\/\/www.fachschaft.info\/en\/wp-json\/wp\/v2\/pages\/999","targetHints":{"allow":["GET"]}}],"collection":[{"href":"https:\/\/www.fachschaft.info\/en\/wp-json\/wp\/v2\/pages"}],"about":[{"href":"https:\/\/www.fachschaft.info\/en\/wp-json\/wp\/v2\/types\/page"}],"author":[{"embeddable":true,"href":"https:\/\/www.fachschaft.info\/en\/wp-json\/wp\/v2\/users\/7"}],"replies":[{"embeddable":true,"href":"https:\/\/www.fachschaft.info\/en\/wp-json\/wp\/v2\/comments?post=999"}],"version-history":[{"count":859,"href":"https:\/\/www.fachschaft.info\/en\/wp-json\/wp\/v2\/pages\/999\/revisions"}],"predecessor-version":[{"id":5312,"href":"https:\/\/www.fachschaft.info\/en\/wp-json\/wp\/v2\/pages\/999\/revisions\/5312"}],"up":[{"embeddable":true,"href":"https:\/\/www.fachschaft.info\/en\/wp-json\/wp\/v2\/pages\/54"}],"wp:attachment":[{"href":"https:\/\/www.fachschaft.info\/en\/wp-json\/wp\/v2\/media?parent=999"}],"curies":[{"name":"wp","href":"https:\/\/api.w.org\/{rel}","templated":true}]}}