{"id":95,"date":"2017-10-18T21:20:22","date_gmt":"2017-10-18T19:20:22","guid":{"rendered":"https:\/\/fs.archer.theus.name\/?page_id=95"},"modified":"2024-03-05T18:58:10","modified_gmt":"2024-03-05T17:58:10","slug":"pruefungsprotokolle","status":"publish","type":"page","link":"https:\/\/www.fachschaft.info\/en\/service\/pruefungsprotokolle\/","title":{"rendered":"Student Exam Protocols","raw":"Student Exam Protocols"},"content":{"rendered":"<p>Student Exam Protocols are memory protocols of students, so they aren&#8217;t official protocols. They are supposed to give you an opportunity to inform yourself about possible topics of your exams. We also have some original exams and mock exams, which were provided to us by lecturers. You can use them to study for your exams: You can get a sense for the type of questions being asked, or you can practice the typical task types.<br \/>\nStudent Exam Protocols can be categorized into three types:<\/p>\n<ul>\n<li><em>protocols of written exams:<\/em> If you were able to take an task sheet of your exam home, please share it with us! Even a simple outline of the tasks or the topics can make an interesting examination protocol.<\/li>\n<li><em>protocols for oral exams:<\/em> They contain the questions the examiner asked and sometimes even the answers of the examinee. They can be used to simulate an exam at home and maybe you can narrow the topics of the exam down.<\/li>\n<li><em>original exams\/mock exams:<\/em> These are real exams of the previous years or mock exams that were made by the lecturer and given to us by students. Mock exams don&#8217;t always have the same level of difficulty as the <em>real<\/em> exams.<\/li>\n<\/ul>\n<h2>getting access to the protocols<\/h2>\n<p>The complete collection is available at <a href=\"https:\/\/altklausuren.fachschaft.info\/\">altklausuren.fachschaft.info<\/a>. To access it, you need to be in the CS network, meaning you need to be either connected to one of the wifis here (eduroam-cs or 802.1X) or use a <a href=\"https:\/\/gsg.informatik.uni-bonn.de\/doku.php?id=de:vpn\">VPN<\/a>.<\/p>\n<h2>write your own protocol<\/h2>\n<p>Please send your protocols via e-mail to <a href=\"mailto:protokolle@fachschaft.info\">protokolle@fachschaft.info<\/a>. Possible formats are: text, PDF, RTF or ODT. Please don&#8217;t submit DOC or even weirder formats. If you only had time for a hand written protocol you can bring it to our office.<\/p>\n<p>Your efforts shall be rewarded! The authors of the best three protocols are given stamp cards with which you can get free drinks (like cola or lemonade) at our office.<\/p>\n","protected":false,"raw":"Student Exam Protocols are memory protocols of students, so they aren't official protocols. They are supposed to give you an opportunity to inform yourself about possible topics of your exams. We also have some original exams and mock exams, which were provided to us by lecturers. You can use them to study for your exams: You can get a sense for the type of questions being asked, or you can practice the typical task types.\r\nStudent Exam Protocols can be categorized into three types:\r\n<ul>\r\n \t<li><em>protocols of written exams:<\/em> If you were able to take an task sheet of your exam home, please share it with us! Even a simple outline of the tasks or the topics can make an interesting examination protocol.<\/li>\r\n \t<li><em>protocols for oral exams:<\/em> They contain the questions the examiner asked and sometimes even the answers of the examinee. They can be used to simulate an exam at home and maybe you can narrow the topics of the exam down.<\/li>\r\n \t<li><em>original exams\/mock exams:<\/em> These are real exams of the previous years or mock exams that were made by the lecturer and given to us by students. Mock exams don't always have the same level of difficulty as the <em>real<\/em> exams.<\/li>\r\n<\/ul>\r\n<h2>getting access to the protocols<\/h2>\r\nThe complete collection is available at <a href=\"https:\/\/altklausuren.fachschaft.info\/\">altklausuren.fachschaft.info<\/a>. To access it, you need to be in the CS network, meaning you need to be either connected to one of the wifis here (eduroam-cs or 802.1X) or use a <a href=\"https:\/\/gsg.informatik.uni-bonn.de\/doku.php?id=de:vpn\">VPN<\/a>.\r\n<h2>write your own protocol<\/h2>\r\nPlease send your protocols via e-mail to <a href=\"mailto:protokolle@fachschaft.info\">protokolle@fachschaft.info<\/a>. Possible formats are: text, PDF, RTF or ODT. Please don't submit DOC or even weirder formats. If you only had time for a hand written protocol you can bring it to our office.\r\n\r\nYour efforts shall be rewarded! The authors of the best three protocols are given stamp cards with which you can get free drinks (like cola or lemonade) at our office."},"excerpt":{"rendered":"","protected":false,"raw":""},"author":2,"featured_media":0,"parent":85,"menu_order":2,"comment_status":"closed","ping_status":"closed","template":"","meta":{"_de_post_content":"Pr\u00fcfungsprotokolle sind Ged\u00e4chtnisprotokolle von Studierenden, also keine offiziellen Protokolle. Sie sollen dir die M\u00f6glichkeit geben, dich vor einer Modulpr\u00fcfung \u00fcber m\u00f6gliche Themen zu informieren. Wir haben aber auch ein paar Originalklausuren oder Probeklausuren, welche uns von Dozenten freiwillig zur Verf\u00fcgung gestellt wurden. Du kannst damit gezielter lernen und z.B. mit Hilfe von Klausurprotokollen etwas Routine im L\u00f6sen von typischen Klausuraufgaben bekommen. Pr\u00fcfungsprotokolle kann man demnach in drei Gruppen einteilen:\r\n<ul>\r\n \t<li><em>Protokolle von Klausuren:<\/em> Wenn du ein Aufgabenblatt aus deiner Klausur mitnehmen konntest, bitte her damit! Auch einfache Skizzen der Aufgaben oder der abgefragten Themen k\u00f6nnen ein interessantes Klausurprotokoll abgeben.<\/li>\r\n \t<li><em>Protokolle von m\u00fcndlichen Pr\u00fcfungen:<\/em> Sie enthalten die Fragen des Pr\u00fcfers und manchmal auch die Antworten des Pr\u00fcflings. Damit l\u00e4sst sich eine Pr\u00fcfung zu Hause schon mal simulieren und vielleicht kann man so auch den Lernstoff etwas einengen.<\/li>\r\n \t<li><em>Originalklausuren \/ Probeklausuren:<\/em> Das sind echte Klausuren der letzten Jahre oder Probeklausuren, welche Studierenden in den letzten Jahren zur Vorbereitung zur Verf\u00fcgung gestellt wurden oder als Studienleistung gel\u00f6st werden mussten. Probeklausuren m\u00fcssen nicht unbedingt den Schwierigkeitsgrad <em>echter<\/em> Klausuren wiederspiegeln.<\/li>\r\n<\/ul>\r\n<h2>Pr\u00fcfungsprotokolle einsehen<\/h2>\r\nDie komplette Sammlung unserer Protokolle findest du online unter <a href=\"https:\/\/altklausuren.fachschaft.info\/\">altklausuren.fachschaft.info<\/a>. Dazu musst du im Informatik-Netz sein, d.h. entweder hier im WLAN (eduroam(-cs) oder 802.1X) oder \u00fcber ein <a href=\"https:\/\/gsg.informatik.uni-bonn.de\/doku.php?id=de:vpn\">VPN<\/a>.\r\n<h2>Ein eigenes Protokoll schreiben<\/h2>\r\nProtokolle bitte vorzugsweise per E-Mail an <a href=\"mailto:protokolle@fachschaft.info\">protokolle@fachschaft.info<\/a> schicken. M\u00f6gliche Formate: Text, PDF, RTF oder ODT. Bitte kein DOC oder noch komischere Formate. Wer nur die Zeit hat ein handschriftliches Protokoll anzufertigen kann das gerne bei uns pers\u00f6nlich im Fachschaftsraum abgeben.\r\n\r\nDer Aufwand wird auch belohnt! F\u00fcr die drei besten Protokolle vergeben wir jedes Semester Lochkarten zum einl\u00f6sen in unserem Getr\u00e4nkeverkauf!","_de_post_name":"pruefungsprotokolle","_de_post_excerpt":"","_de_post_title":"Pr\u00fcfungsprotokolle","_en_post_content":"Student Exam Protocols are memory protocols of students, so they aren't official protocols. They are supposed to give you an opportunity to inform yourself about possible topics of your exams. We also have some original exams and mock exams, which were provided to us by lecturers. You can use them to study for your exams: You can get a sense for the type of questions being asked, or you can practice the typical task types.\r\nStudent Exam Protocols can be categorized into three types:\r\n<ul>\r\n \t<li><em>protocols of written exams:<\/em> If you were able to take an task sheet of your exam home, please share it with us! Even a simple outline of the tasks or the topics can make an interesting examination protocol.<\/li>\r\n \t<li><em>protocols for oral exams:<\/em> They contain the questions the examiner asked and sometimes even the answers of the examinee. They can be used to simulate an exam at home and maybe you can narrow the topics of the exam down.<\/li>\r\n \t<li><em>original exams\/mock exams:<\/em> These are real exams of the previous years or mock exams that were made by the lecturer and given to us by students. Mock exams don't always have the same level of difficulty as the <em>real<\/em> exams.<\/li>\r\n<\/ul>\r\n<h2>getting access to the protocols<\/h2>\r\nThe complete collection is available at <a href=\"https:\/\/altklausuren.fachschaft.info\/\">altklausuren.fachschaft.info<\/a>. To access it, you need to be in the CS network, meaning you need to be either connected to one of the wifis here (eduroam-cs or 802.1X) or use a <a href=\"https:\/\/gsg.informatik.uni-bonn.de\/doku.php?id=de:vpn\">VPN<\/a>.\r\n<h2>write your own protocol<\/h2>\r\nPlease send your protocols via e-mail to <a href=\"mailto:protokolle@fachschaft.info\">protokolle@fachschaft.info<\/a>. Possible formats are: text, PDF, RTF or ODT. Please don't submit DOC or even weirder formats. If you only had time for a hand written protocol you can bring it to our office.\r\n\r\nYour efforts shall be rewarded! The authors of the best three protocols are given stamp cards with which you can get free drinks (like cola or lemonade) at our office.","_en_post_name":"pruefungsprotokolle","_en_post_excerpt":"","_en_post_title":"Student Exam Protocols","edit_language":"en","footnotes":""},"class_list":["post-95","page","type-page","status-publish","hentry"],"_links":{"self":[{"href":"https:\/\/www.fachschaft.info\/en\/wp-json\/wp\/v2\/pages\/95","targetHints":{"allow":["GET"]}}],"collection":[{"href":"https:\/\/www.fachschaft.info\/en\/wp-json\/wp\/v2\/pages"}],"about":[{"href":"https:\/\/www.fachschaft.info\/en\/wp-json\/wp\/v2\/types\/page"}],"author":[{"embeddable":true,"href":"https:\/\/www.fachschaft.info\/en\/wp-json\/wp\/v2\/users\/2"}],"replies":[{"embeddable":true,"href":"https:\/\/www.fachschaft.info\/en\/wp-json\/wp\/v2\/comments?post=95"}],"version-history":[{"count":39,"href":"https:\/\/www.fachschaft.info\/en\/wp-json\/wp\/v2\/pages\/95\/revisions"}],"predecessor-version":[{"id":4033,"href":"https:\/\/www.fachschaft.info\/en\/wp-json\/wp\/v2\/pages\/95\/revisions\/4033"}],"up":[{"embeddable":true,"href":"https:\/\/www.fachschaft.info\/en\/wp-json\/wp\/v2\/pages\/85"}],"wp:attachment":[{"href":"https:\/\/www.fachschaft.info\/en\/wp-json\/wp\/v2\/media?parent=95"}],"curies":[{"name":"wp","href":"https:\/\/api.w.org\/{rel}","templated":true}]}}