{"id":85,"date":"2017-10-18T20:51:07","date_gmt":"2017-10-18T18:51:07","guid":{"rendered":"https:\/\/fs.archer.theus.name\/?page_id=85"},"modified":"2023-10-19T16:13:28","modified_gmt":"2023-10-19T14:13:28","slug":"","status":"publish","type":"page","link":"https:\/\/www.fachschaft.info\/en\/service\/","title":{"rendered":"Services","raw":"Services"},"content":{"rendered":"\n<h2 class=\"wp-block-heading\">Opening Hours<\/h2>\n\n\n\n<p>If you have any trouble or need some advice or you want to use one of tools, you will find someone in the office during our opening hours. You can find them in the sidebar.<\/p>\n\n\n\n<p>Information: Due to the pandemic we currently do not have opening hours.<\/p>\n\n\n\n<h2 class=\"wp-block-heading\">Minutes of Examinations<\/h2>\n\n\n\n<p>You can have a look into several minutes of examinations in our office. You can have a look into our <a href=\"\/service\/pruefungsprotokolle\/uebersicht-vorhandener-pruefungsprotokolle\/\">list of available minutes<\/a> before you call over. We are happy about new minutes every semester. So, if you want to help us, please send us your minutes to <a href=\"mailto:protokolle@fachschaft.info\">protokolle@fachschaft.info<\/a>.<\/p>\n\n\n\n<h2 class=\"wp-block-heading\">Hardware<\/h2>\n\n\n\n<p>There are some devices in our office you can use. You will only pay the cost of materials.<\/p>\n\n\n\n<h3 class=\"wp-block-heading\">Binding Machine<\/h3>\n\n\n\n<p>Our binding machine can bind scripts of up to 200 pages.<\/p>\n\n\n\n<h3 class=\"wp-block-heading\">Laminator<\/h3>\n\n\n\n<p>If you want to laminate something, you can do that with our laminitor up to pages of DIN A3.<\/p>\n\n\n\n<h3 class=\"wp-block-heading\">Stapler<\/h3>\n\n\n\n<p>You have solved your exercises? But you haven&#8217;t stapled the pages? No problem, you can use our stapler!<\/p>\n\n\n\n<h2 class=\"wp-block-heading\">Drinks<\/h2>\n\n\n\n<p>You can buy cold drinks like <em>Mate<\/em> or <em>fritz kola<\/em> or even <em>water<\/em> for 1,20\u20ac each. If you want, you can make some coffee or tea, too<\/p>\n","protected":false,"raw":"<!-- wp:heading -->\n<h2 class=\"wp-block-heading\">Opening Hours<\/h2>\n<!-- \/wp:heading -->\n\n<!-- wp:paragraph -->\n<p>If you have any trouble or need some advice or you want to use one of tools, you will find someone in the office during our opening hours. You can find them in the sidebar.<\/p>\n<!-- \/wp:paragraph -->\n\n<!-- wp:paragraph -->\n<p>Information: Due to the pandemic we currently do not have opening hours.<\/p>\n<!-- \/wp:paragraph -->\n\n<!-- wp:heading -->\n<h2 class=\"wp-block-heading\">Minutes of Examinations<\/h2>\n<!-- \/wp:heading -->\n\n<!-- wp:paragraph -->\n<p>You can have a look into several minutes of examinations in our office. You can have a look into our <a href=\"\/service\/pruefungsprotokolle\/uebersicht-vorhandener-pruefungsprotokolle\/\">list of available minutes<\/a> before you call over. We are happy about new minutes every semester. So, if you want to help us, please send us your minutes to <a href=\"mailto:protokolle@fachschaft.info\">protokolle@fachschaft.info<\/a>.<\/p>\n<!-- \/wp:paragraph -->\n\n<!-- wp:heading -->\n<h2 class=\"wp-block-heading\">Hardware<\/h2>\n<!-- \/wp:heading -->\n\n<!-- wp:paragraph -->\n<p>There are some devices in our office you can use. You will only pay the cost of materials.<\/p>\n<!-- \/wp:paragraph -->\n\n<!-- wp:heading {\"level\":3} -->\n<h3 class=\"wp-block-heading\">Binding Machine<\/h3>\n<!-- \/wp:heading -->\n\n<!-- wp:paragraph -->\n<p>Our binding machine can bind scripts of up to 200 pages.<\/p>\n<!-- \/wp:paragraph -->\n\n<!-- wp:heading {\"level\":3} -->\n<h3 class=\"wp-block-heading\">Laminator<\/h3>\n<!-- \/wp:heading -->\n\n<!-- wp:paragraph -->\n<p>If you want to laminate something, you can do that with our laminitor up to pages of DIN A3.<\/p>\n<!-- \/wp:paragraph -->\n\n<!-- wp:heading {\"level\":3} -->\n<h3 class=\"wp-block-heading\">Stapler<\/h3>\n<!-- \/wp:heading -->\n\n<!-- wp:paragraph -->\n<p>You have solved your exercises? But you haven't stapled the pages? No problem, you can use our stapler!<\/p>\n<!-- \/wp:paragraph -->\n\n<!-- wp:heading -->\n<h2 class=\"wp-block-heading\">Drinks<\/h2>\n<!-- \/wp:heading -->\n\n<!-- wp:paragraph -->\n<p>You can buy cold drinks like <em>Mate<\/em> or <em>fritz kola<\/em> or even <em>water<\/em> for 1,20\u20ac each. If you want, you can make some coffee or tea, too<\/p>\n<!-- \/wp:paragraph -->"},"excerpt":{"rendered":"","protected":false,"raw":""},"author":2,"featured_media":0,"parent":0,"menu_order":0,"comment_status":"closed","ping_status":"closed","template":"","meta":{"_de_post_content":"<!-- wp:heading -->\n<h2 class=\"wp-block-heading\">Anwesenheitsdienst<\/h2>\n<!-- \/wp:heading -->\n\n<!-- wp:paragraph -->\n<p>Der Anwesenheitsdienst (AwD) ist ein st\u00e4ndiger Service der Fachschaft. Zu diesen Zeiten findet ihr im Fachschaftsraum garantiert jemanden vor. Die aktuellen \u00d6ffnungszeiten findest du in der Seitenleiste.<\/p>\n<!-- \/wp:paragraph -->\n\n<!-- wp:heading -->\n<h2 class=\"wp-block-heading\">Pr\u00fcfungsprotokolle<\/h2>\n<!-- \/wp:heading -->\n\n<!-- wp:paragraph -->\n<p>Der absolute Renner sind unsere Ged\u00e4chtnisprotokolle von Pr\u00fcfungen. Diese kannst du bei uns in der Fachschaft ausleihen. Wir sind auch stark an einem Ausbau unseres Archivs interessier, also schreib dein eigenes Ged\u00e4chtnisprotokoll und schicke es an <a href=\"mailto:protokolle@fachschaft.info\">protokolle@fachschaft.info<\/a>.<\/p>\n<!-- \/wp:paragraph -->\n\n<!-- wp:heading -->\n<h2 class=\"wp-block-heading\">Hardware<\/h2>\n<!-- \/wp:heading -->\n\n<!-- wp:paragraph -->\n<p>Im Fachschaftsraum be\ufb01nden sich diverse Ger\u00e4te, die du nutzen kannst. F\u00fcr anfallende Materialkosten zahlst du nur den Selbstkostenpreis.<\/p>\n<!-- \/wp:paragraph -->\n\n<!-- wp:heading {\"level\":3} -->\n<h3 class=\"wp-block-heading\">Ringbindemaschine<\/h3>\n<!-- \/wp:heading -->\n\n<!-- wp:paragraph -->\n<p>Mit unserer Ringbinde-Maschine kannst du Skripte mit bis zu 200 Seiten binden.<\/p>\n<!-- \/wp:paragraph -->\n\n<!-- wp:heading {\"level\":3} -->\n<h3 class=\"wp-block-heading\">Laminierger\u00e4t<\/h3>\n<!-- \/wp:heading -->\n\n<!-- wp:paragraph -->\n<p>Falls du mal etwas laminieren willst, tut das unser Laminierger\u00e4t bis zur Gr\u00f6\u00dfe DIN A3.<\/p>\n<!-- \/wp:paragraph -->\n\n<!-- wp:heading {\"level\":3} -->\n<h3 class=\"wp-block-heading\">Tacker<\/h3>\n<!-- \/wp:heading -->\n\n<!-- wp:paragraph -->\n<p>Du hast das aktuellen \u00dcbungsblatt zwar gel\u00f6st, aber die L\u00f6sungsbl\u00e4tter nicht getackert? Kein Problem, bei uns kannst du so viel tackern wie du willst.<\/p>\n<!-- \/wp:paragraph -->\n\n<!-- wp:heading -->\n<h2 class=\"wp-block-heading\">Getr\u00e4nke<\/h2>\n<!-- \/wp:heading -->\n\n<!-- wp:paragraph -->\n<p>Bei uns kannst du Getr\u00e4nke wie\u00a0<em>Mate<\/em>,\u00a0<em>fritz kola,\u00a0<\/em>verschiedene<em>\u00a0Limos\u00a0<\/em>und<em>\u00a0Schorlen\u00a0<\/em>oder auch\u00a0<em>Sprudelwasser<\/em> zu je 1,20\u20ac pro Flasche erwerben. Du kannst dir auch gratis einen Kaffee oder Tee kochen, dazu gibt's Milch von Kuh und Hafer.<\/p>\n<!-- \/wp:paragraph -->","_de_post_name":"service","_de_post_excerpt":"","_de_post_title":"Service","_en_post_content":"<!-- wp:heading -->\n<h2 class=\"wp-block-heading\">Opening Hours<\/h2>\n<!-- \/wp:heading -->\n\n<!-- wp:paragraph -->\n<p>If you have any trouble or need some advice or you want to use one of tools, you will find someone in the office during our opening hours. You can find them in the sidebar.<\/p>\n<!-- \/wp:paragraph -->\n\n<!-- wp:paragraph -->\n<p>Information: Due to the pandemic we currently do not have opening hours.<\/p>\n<!-- \/wp:paragraph -->\n\n<!-- wp:heading -->\n<h2 class=\"wp-block-heading\">Minutes of Examinations<\/h2>\n<!-- \/wp:heading -->\n\n<!-- wp:paragraph -->\n<p>You can have a look into several minutes of examinations in our office. You can have a look into our <a href=\"\/service\/pruefungsprotokolle\/uebersicht-vorhandener-pruefungsprotokolle\/\">list of available minutes<\/a> before you call over. We are happy about new minutes every semester. So, if you want to help us, please send us your minutes to <a href=\"mailto:protokolle@fachschaft.info\">protokolle@fachschaft.info<\/a>.<\/p>\n<!-- \/wp:paragraph -->\n\n<!-- wp:heading -->\n<h2 class=\"wp-block-heading\">Hardware<\/h2>\n<!-- \/wp:heading -->\n\n<!-- wp:paragraph -->\n<p>There are some devices in our office you can use. You will only pay the cost of materials.<\/p>\n<!-- \/wp:paragraph -->\n\n<!-- wp:heading {\"level\":3} -->\n<h3 class=\"wp-block-heading\">Binding Machine<\/h3>\n<!-- \/wp:heading -->\n\n<!-- wp:paragraph -->\n<p>Our binding machine can bind scripts of up to 200 pages.<\/p>\n<!-- \/wp:paragraph -->\n\n<!-- wp:heading {\"level\":3} -->\n<h3 class=\"wp-block-heading\">Laminator<\/h3>\n<!-- \/wp:heading -->\n\n<!-- wp:paragraph -->\n<p>If you want to laminate something, you can do that with our laminitor up to pages of DIN A3.<\/p>\n<!-- \/wp:paragraph -->\n\n<!-- wp:heading {\"level\":3} -->\n<h3 class=\"wp-block-heading\">Stapler<\/h3>\n<!-- \/wp:heading -->\n\n<!-- wp:paragraph -->\n<p>You have solved your exercises? But you haven't stapled the pages? No problem, you can use our stapler!<\/p>\n<!-- \/wp:paragraph -->\n\n<!-- wp:heading -->\n<h2 class=\"wp-block-heading\">Drinks<\/h2>\n<!-- \/wp:heading -->\n\n<!-- wp:paragraph -->\n<p>You can buy cold drinks like <em>Mate<\/em> or <em>fritz kola<\/em> or even <em>water<\/em> for 1,20\u20ac each. If you want, you can make some coffee or tea, too<\/p>\n<!-- \/wp:paragraph -->","_en_post_name":"","_en_post_excerpt":"","_en_post_title":"Services","edit_language":"en","footnotes":""},"class_list":["post-85","page","type-page","status-publish","hentry"],"_links":{"self":[{"href":"https:\/\/www.fachschaft.info\/en\/wp-json\/wp\/v2\/pages\/85","targetHints":{"allow":["GET"]}}],"collection":[{"href":"https:\/\/www.fachschaft.info\/en\/wp-json\/wp\/v2\/pages"}],"about":[{"href":"https:\/\/www.fachschaft.info\/en\/wp-json\/wp\/v2\/types\/page"}],"author":[{"embeddable":true,"href":"https:\/\/www.fachschaft.info\/en\/wp-json\/wp\/v2\/users\/2"}],"replies":[{"embeddable":true,"href":"https:\/\/www.fachschaft.info\/en\/wp-json\/wp\/v2\/comments?post=85"}],"version-history":[{"count":6,"href":"https:\/\/www.fachschaft.info\/en\/wp-json\/wp\/v2\/pages\/85\/revisions"}],"predecessor-version":[{"id":3777,"href":"https:\/\/www.fachschaft.info\/en\/wp-json\/wp\/v2\/pages\/85\/revisions\/3777"}],"wp:attachment":[{"href":"https:\/\/www.fachschaft.info\/en\/wp-json\/wp\/v2\/media?parent=85"}],"curies":[{"name":"wp","href":"https:\/\/api.w.org\/{rel}","templated":true}]}}