{"id":54,"date":"2017-10-18T18:21:51","date_gmt":"2017-10-18T16:21:51","guid":{"rendered":"https:\/\/fs.archer.theus.name\/?page_id=54"},"modified":"2024-10-28T11:00:21","modified_gmt":"2024-10-28T10:00:21","slug":"ueber-uns","status":"publish","type":"page","link":"https:\/\/www.fachschaft.info\/en\/ueber-uns\/","title":{"rendered":"About us","raw":"About us"},"content":{"rendered":"We are the student body. We are happy you called over to get to know us. Actually, you are part of the student body, too. Every student that studies Informatik (B.Sc.), Computer Science (M.Sc.), Life Science Informatics (M.Sc.) or is working on her Dr. (similar to PhD) is part of it.\r\n\r\n<!-- \/wp:post-content --><!-- wp:paragraph -->\r\n\r\nEvery student that is part of the student body is called upon to elect the student council (germ. Fachschaftsvertretung). This elections takes part in the summer, usually in June. Those elected students again elect the student administration (germ. Fachschaftsrat).\r\n\r\n<!-- \/wp:paragraph --><!-- wp:paragraph -->\r\n\r\nDuring the lecture period, we meet every week (you can find day, time and room in the sidebar\/at the footer of this page). You are welcome to attend. If you have any concern this is the place where you can call for it (you can write us an e-mail, too).\r\n<h2>Our Work<\/h2>\r\nIt is hard to sum up what is all part of the work of the student body. Apart from the committee work we do, we also organise events and parties, we provide services such as the exam minutes an of course we also are your first contact when it comes to questions or problems regarding your studies or life in Bonn in general.\r\n<h3>Can I help?<\/h3>\r\nOf course! Everyone can join and help, even if they are not elected in FSR, FSV or any committee. An easy entry is to help with the office hours. For two hours a week you staff our office, where you answer e-mails, fill up the beverages in the fridge, tidy the shelves and of course help any student that comes by. The office hours are always staffed with two people, so you will have a seasoned Fachschaftler with you who knows how things work.\r\n\r\nIf you want to help further, you could take on one of our internal jobs, or you could occupy a seat in a committee. You can find more info on the jobs and committees <a href=\"https:\/\/www.fachschaft.info\/en\/ueber-uns\/aemter-und-gremien\/\">here<\/a>.\r\n\r\n<!-- \/wp:paragraph --><!-- wp:paragraph -->\r\n\r\nYou can find a List of our current committee members <a href=\"\/en\/ueber-uns\/gremienvertreter\/\">here<\/a>.\r\n\r\n<!-- \/wp:paragraph -->","protected":false,"raw":"We are the student body. We are happy you called over to get to know us. Actually, you are part of the student body, too. Every student that studies Informatik (B.Sc.), Computer Science (M.Sc.), Life Science Informatics (M.Sc.) or is working on her Dr. (similar to PhD) is part of it.\r\n\r\n<!-- \/wp:paragraph --><!-- wp:paragraph -->\r\n\r\nEvery student that is part of the student body is called upon to elect the student council (germ. Fachschaftsvertretung). This elections takes part in the summer, usually in June. Those elected students again elect the student administration (germ. Fachschaftsrat).\r\n\r\n<!-- \/wp:paragraph --><!-- wp:paragraph -->\r\n\r\nDuring the lecture period, we meet every week (you can find day, time and room in the sidebar\/at the footer of this page). You are welcome to attend. If you have any concern this is the place where you can call for it (you can write us an e-mail, too).\r\n<h2>Our Work<\/h2>\r\nIt is hard to sum up what is all part of the work of the student body. Apart from the committee work we do, we also organise events and parties, we provide services such as the exam minutes an of course we also are your first contact when it comes to questions or problems regarding your studies or life in Bonn in general.\r\n<h3>Can I help?<\/h3>\r\nOf course! Everyone can join and help, even if they are not elected in FSR, FSV or any committee. An easy entry is to help with the office hours. For two hours a week you staff our office, where you answer e-mails, fill up the beverages in the fridge, tidy the shelves and of course help any student that comes by. The office hours are always staffed with two people, so you will have a seasoned Fachschaftler with you who knows how things work.\r\n\r\nIf you want to help further, you could take on one of our internal jobs, or you could occupy a seat in a committee. You can find more info on the jobs and committees <a href=\"https:\/\/www.fachschaft.info\/en\/ueber-uns\/aemter-und-gremien\/\">here<\/a>.\r\n\r\n<!-- \/wp:paragraph --><!-- wp:paragraph -->\r\n\r\nYou can find a List of our current committee members <a href=\"\/en\/ueber-uns\/gremienvertreter\/\">here<\/a>.\r\n\r\n<!-- \/wp:paragraph -->"},"excerpt":{"rendered":"","protected":false,"raw":""},"author":2,"featured_media":4621,"parent":0,"menu_order":0,"comment_status":"closed","ping_status":"closed","template":"","meta":{"_de_post_content":"Fachschaftsrat, Fachschaftsvertretung oder nur Fachschaft; alles Begriffe, die mit der Vertretung der Studierenden eines Faches zu tun haben, aber auch oft durcheinander geworfen werden. Am gel\u00e4ufigsten ist der Begriff Fachschaft; hierunter verstehen die meisten Studierenden den Fachschafsraum oder das Dutzend Informatikerinnen und Informatiker, das zeitweise diesen Raum bev\u00f6lkert und dort die so genannte \u201eFachschaftsarbeit\u201c erledigt.\r\n\r\nOffiziell besteht die Fachschaft Informatik jedoch aus allen Informatik-Studierenden. Diese w\u00e4hlen dann j\u00e4hrlich (so im Juni) die Fachschaftsvertretung (FSV, vergleichbar mit einem Parlament). Die Fachschaftsvertretung w\u00e4hlt dann den Fachschaftsrat (FSR, quasi Regierung).\r\n\r\nW\u00e4hrend der Vorlesungszeit finden jede Woche die Fachschaftssitzungen statt, wo neue Taten diskutiert und geplant werden. Wer also mal mitdiskutieren oder sich das ganze auch nur mal anh\u00f6ren m\u00f6chte, ist herzlich willkommen. Die aktuellen Daten findest du in der Sidebar\/im Fu\u00dfe dieser Seite. Dabei ist es v\u00f6llig egal, ob du gew\u00e4hlt bist oder nicht \u2013 oder ob du vielleicht nicht einmal Teil der Fachschaft bist, weil du vielleicht Lehr\u00e4mtler bist. Die Protokolle bekommt ihr \u00fcber unsere <a href=\"https:\/\/fachschaft.info\/service\/mailinglisten\">Mailingliste fs-news<\/a>. Ihr k\u00f6nnt sie ebenfalls im <a href=\"https:\/\/www.fachschaft.info\/wws\/arc\/fs-news\" target=\"_blank\" rel=\"noopener\">Archiv<\/a> dieser Mailingliste finden.\r\n<h2>Fachschaftsarbeit<\/h2>\r\nWas alles zur Fachschaftsarbeit geh\u00f6rt, ist schwer zu sagen. Wir sind nat\u00fcrlich eure studentische Vertretung gegen\u00fcber dem Institut und sitzen f\u00fcr euch in diversen Gremien, aber Fachschaftsarbeit ist mehr als das. Wir organisieren Veranstaltungen und Partys, stellen Dienste wie die Pr\u00fcfungsprotokolle zur Verf\u00fcgung und sind nat\u00fcrlich auch erste Ansprechpartner wenns Fragen zum Studium oder Leben in Bonn gibt und helfen gerne bei euren Problemen.\r\n<h3>Kann ich da mitmachen?<\/h3>\r\nKlar! Wir sind eine offene Fachschaft, das hei\u00dft, dass jede:r mitmachen und sich einbringen kann, ohne in FSR, FSV oder ein Amt gew\u00e4hlt zu werden. Ein gern genommener Einstieg ist der <a href=\"https:\/\/www.fachschaft.info\/service\/anwesenheitsdienst\/\">Anwesenheitsdienst<\/a> (AWD). Dort besetzt man einmal in der Woche f\u00fcr zwei Stunden das B\u00fcro, beanwortet Mails, f\u00fcllt die Getr\u00e4nke wieder auf, sorgt f\u00fcr Ordnung im Regal und hilft nat\u00fcrlich jedem Studi, der vorbeikommt und Hilfe braucht. Beim AWD ist man immer zu zweit, man hat also eine:n erfahrene:n Fachschaftler:in dabei, der\/die wei\u00df, wie der Laden l\u00e4uft.\r\n\r\nWer Lust hat, mehr Fachschaftsarbeit zu machen, kann z.B. eins unserer internen \u00c4mter \u00fcbernehmen oder in eins der Gremien gehen. Hier gibts mehr Infos zu den einzelnen <a href=\"https:\/\/www.fachschaft.info\/ueber-uns\/aemter-und-gremien\/\">\u00c4mtern und Gremien<\/a>.\r\n\r\nWer aktuell f\u00fcr uns in den \u00c4mtern und Gremien sitzt, findet ihr auf der Liste der <a href=\"\/ueber-uns\/gremienvertreter\/\">Gremienvertreter:innen<\/a>.\r\n<h2>Satzungen und Ordnungen<\/h2>\r\nUnsere Fachschaftsarbeit richtet sich nach den Bestimmungen unserer <a href=\"\/ueber-uns\/satzung\/\">Fachschaftssatzung<\/a> und den <a href=\"https:\/\/www.fachschaft.info\/ueber-uns\/geschaeftsordnung\/\">Gesch\u00e4ftsordnungen<\/a>. Die Nutzung unserer Schlie\u00dff\u00e4cher richtet sich nach <a href=\"https:\/\/sp.uni-bonn.de\/dokumente\/idx\/Ordnungen\/Fachschaften\/SBO-Informatik.html\" target=\"_blank\" rel=\"noopener\">Benutzungsordnung der Schlie\u00dff\u00e4cher<\/a>. Die Erstattung von Fahrtkosten erfolgt nach der <a href=\"https:\/\/sp.uni-bonn.de\/dokumente\/idx\/Sonstige\/Fachschaften\/REF-FSInformatik.html\" target=\"_blank\" rel=\"noopener\">Richtlinie f\u00fcr die Erstattung von Fahrtkosten<\/a>.","_de_post_name":"ueber-uns","_de_post_excerpt":"","_de_post_title":"\u00dcber uns","_en_post_content":"We are the student body. We are happy you called over to get to know us. Actually, you are part of the student body, too. Every student that studies Informatik (B.Sc.), Computer Science (M.Sc.), Life Science Informatics (M.Sc.) or is working on her Dr. (similar to PhD) is part of it.\r\n\r\n<!-- \/wp:paragraph --><!-- wp:paragraph -->\r\n\r\nEvery student that is part of the student body is called upon to elect the student council (germ. Fachschaftsvertretung). This elections takes part in the summer, usually in June. Those elected students again elect the student administration (germ. Fachschaftsrat).\r\n\r\n<!-- \/wp:paragraph --><!-- wp:paragraph -->\r\n\r\nDuring the lecture period, we meet every week (you can find day, time and room in the sidebar\/at the footer of this page). You are welcome to attend. If you have any concern this is the place where you can call for it (you can write us an e-mail, too).\r\n<h2>Our Work<\/h2>\r\nIt is hard to sum up what is all part of the work of the student body. Apart from the committee work we do, we also organise events and parties, we provide services such as the exam minutes an of course we also are your first contact when it comes to questions or problems regarding your studies or life in Bonn in general.\r\n<h3>Can I help?<\/h3>\r\nOf course! Everyone can join and help, even if they are not elected in FSR, FSV or any committee. An easy entry is to help with the office hours. For two hours a week you staff our office, where you answer e-mails, fill up the beverages in the fridge, tidy the shelves and of course help any student that comes by. The office hours are always staffed with two people, so you will have a seasoned Fachschaftler with you who knows how things work.\r\n\r\nIf you want to help further, you could take on one of our internal jobs, or you could occupy a seat in a committee. You can find more info on the jobs and committees <a href=\"https:\/\/www.fachschaft.info\/en\/ueber-uns\/aemter-und-gremien\/\">here<\/a>.\r\n\r\n<!-- \/wp:paragraph --><!-- wp:paragraph -->\r\n\r\nYou can find a List of our current committee members <a href=\"\/en\/ueber-uns\/gremienvertreter\/\">here<\/a>.\r\n\r\n<!-- \/wp:paragraph -->","_en_post_name":"ueber-uns","_en_post_excerpt":"","_en_post_title":"About us","edit_language":"en","footnotes":""},"class_list":["post-54","page","type-page","status-publish","has-post-thumbnail","hentry"],"_links":{"self":[{"href":"https:\/\/www.fachschaft.info\/en\/wp-json\/wp\/v2\/pages\/54","targetHints":{"allow":["GET"]}}],"collection":[{"href":"https:\/\/www.fachschaft.info\/en\/wp-json\/wp\/v2\/pages"}],"about":[{"href":"https:\/\/www.fachschaft.info\/en\/wp-json\/wp\/v2\/types\/page"}],"author":[{"embeddable":true,"href":"https:\/\/www.fachschaft.info\/en\/wp-json\/wp\/v2\/users\/2"}],"replies":[{"embeddable":true,"href":"https:\/\/www.fachschaft.info\/en\/wp-json\/wp\/v2\/comments?post=54"}],"version-history":[{"count":32,"href":"https:\/\/www.fachschaft.info\/en\/wp-json\/wp\/v2\/pages\/54\/revisions"}],"predecessor-version":[{"id":3528,"href":"https:\/\/www.fachschaft.info\/en\/wp-json\/wp\/v2\/pages\/54\/revisions\/3528"}],"wp:featuredmedia":[{"embeddable":true,"href":"https:\/\/www.fachschaft.info\/en\/wp-json\/wp\/v2\/media\/4621"}],"wp:attachment":[{"href":"https:\/\/www.fachschaft.info\/en\/wp-json\/wp\/v2\/media?parent=54"}],"curies":[{"name":"wp","href":"https:\/\/api.w.org\/{rel}","templated":true}]}}