{"id":3890,"date":"2023-11-15T20:10:27","date_gmt":"2023-11-15T19:10:27","guid":{"rendered":"https:\/\/www.fachschaft.info\/?page_id=3890"},"modified":"2023-11-15T20:41:06","modified_gmt":"2023-11-15T19:41:06","slug":"","status":"publish","type":"page","link":"https:\/\/www.fachschaft.info\/en\/ueber-uns\/dokumente\/","title":{"rendered":"Documents","raw":"Documents"},"content":{"rendered":"\n<p>There is currently no english version of this page. Please see the german version by switching your language in the navigation bar.<\/p>\n","protected":false,"raw":"<!-- wp:paragraph -->\n<p>There is currently no english version of this page. Please see the german version by switching your language in the navigation bar.<\/p>\n<!-- \/wp:paragraph -->"},"excerpt":{"rendered":"","protected":false,"raw":""},"author":48,"featured_media":0,"parent":54,"menu_order":1,"comment_status":"closed","ping_status":"closed","template":"","meta":{"_de_post_content":"<!-- wp:heading -->\n<h2 class=\"wp-block-heading\">Sitzungsprotokolle<\/h2>\n<!-- \/wp:heading -->\n\n<!-- wp:paragraph -->\n<p>Auf unseren Sitzungen f\u00fchren wir ein Protokoll in dem die wichtigsten Diskussionspunkte, sowie die Ergebnisse festgehalten werden. Diese werden verschickt via unserer <a href=\"https:\/\/www.fachschaft.info\/service\/mailinglisten\/\" data-type=\"page\" data-id=\"134\">Mailingliste fs-news<\/a>. F\u00fcr bisherige Protokolle bietet das <a href=\"https:\/\/listen.uni-bonn.de\/wws\/arc\/fsnews-info\/2023-11\/\" data-type=\"link\" data-id=\"https:\/\/listen.uni-bonn.de\/wws\/arc\/fsnews-info\/2023-11\/\">Archiv der Mailingliste<\/a> eine Option zur Einsicht. Das jeweils aktuellste Protokoll h\u00e4ngt im B\u00fcro der Fachschaft im Institut f\u00fcr Informatik aus. Alle vorherigen Protokolle k\u00f6nnen in Papierform im B\u00fcro eingesehen werden. Wende dich hierzu an Fachschaftsmitglieder w\u00e4hrend der AWD-Zeiten.<\/p>\n<!-- \/wp:paragraph -->\n\n<!-- wp:heading -->\n<h2 class=\"wp-block-heading\">Satzung<\/h2>\n<!-- \/wp:heading -->\n\n<!-- wp:paragraph -->\n<p>Die konsolidierte Fassung der Satzung ist auf der Webseite des Studierendenparlaments verf\u00fcgbar.<\/p>\n<!-- \/wp:paragraph -->\n\n<!-- wp:list -->\n<ul><!-- wp:list-item -->\n<li><a href=\"https:\/\/sp.uni-bonn.de\/dokumente\/idx\/Satzungen\/Fachschaften\/FSSatzungInformatik.html\">Satzung der Fachschaft Informatik der Rheinischen Friedrich-Wilhelms-Universit\u00e4t Bonn<\/a><\/li>\n<!-- \/wp:list-item --><\/ul>\n<!-- \/wp:list -->\n\n<!-- wp:heading -->\n<h2 class=\"wp-block-heading\">Gesch\u00e4ftsordnung<\/h2>\n<!-- \/wp:heading -->\n\n<!-- wp:paragraph -->\n<p>Die konsolidierten Fassungen der Gesch\u00e4ftsordnungen von Fachschaftsvertretung und Fachschaftsrat k\u00f6nnen auf der Webseite des Studierendenparlaments abgerufen werden:<\/p>\n<!-- \/wp:paragraph -->\n\n<!-- wp:list -->\n<ul><!-- wp:list-item -->\n<li><a href=\"https:\/\/sp.uni-bonn.de\/dokumente\/idx\/Ordnungen\/Fachschaften\/GO-FSV-Informatik.html\">Gesch\u00e4ftsordnung der Fachschaftsvertretung<\/a><\/li>\n<!-- \/wp:list-item -->\n\n<!-- wp:list-item -->\n<li><a href=\"https:\/\/sp.uni-bonn.de\/dokumente\/idx\/Ordnungen\/Fachschaften\/GO-FSR-Informatik.html\">Gesch\u00e4ftsordnung des Fachschaftsrats<\/a><\/li>\n<!-- \/wp:list-item --><\/ul>\n<!-- \/wp:list -->\n\n<!-- wp:heading -->\n<h2 class=\"wp-block-heading\">Richtlinien<\/h2>\n<!-- \/wp:heading -->\n\n<!-- wp:list -->\n<ul><!-- wp:list-item -->\n<li><a href=\"https:\/\/www.sp.uni-bonn.de\/dokumente\/idx\/Ordnungen\/Fachschaften\/SBO-Informatik.html\">Benutzungsordnung der Schlie\u00dff\u00e4cher der Fachschaft Informatik<\/a><\/li>\n<!-- \/wp:list-item -->\n\n<!-- wp:list-item -->\n<li><a href=\"https:\/\/www.sp.uni-bonn.de\/dokumente\/idx\/Sonstige\/Fachschaften\/REF-FSInformatik.html\">Richtlinie der Fachschaft Informatik f\u00fcr die Erstattung von Fahrtkosten<\/a><\/li>\n<!-- \/wp:list-item -->\n\n<!-- wp:list-item -->\n<li><a href=\"https:\/\/www.sp.uni-bonn.de\/dokumente\/idx\/Sonstige\/Fachschaften\/COC-Informatik.html\">Code of Conduct der Fachschaft Informatik<\/a><\/li>\n<!-- \/wp:list-item -->\n\n<!-- wp:list-item -->\n<li><a href=\"https:\/\/www.sp.uni-bonn.de\/dokumente\/idx\/Ordnungen\/Fachschaften\/VORT-Informatik.html\">Verfahrensordnung des Response-Team der Fachschaft Informatik<\/a><\/li>\n<!-- \/wp:list-item --><\/ul>\n<!-- \/wp:list -->","_de_post_name":"dokumente","_de_post_excerpt":"","_de_post_title":"Dokumente","_en_post_content":"<!-- wp:paragraph -->\n<p>There is currently no english version of this page. Please see the german version by switching your language in the navigation bar.<\/p>\n<!-- \/wp:paragraph -->","_en_post_name":"","_en_post_excerpt":"","_en_post_title":"Documents","edit_language":"en","footnotes":""},"class_list":["post-3890","page","type-page","status-publish","hentry"],"_links":{"self":[{"href":"https:\/\/www.fachschaft.info\/en\/wp-json\/wp\/v2\/pages\/3890","targetHints":{"allow":["GET"]}}],"collection":[{"href":"https:\/\/www.fachschaft.info\/en\/wp-json\/wp\/v2\/pages"}],"about":[{"href":"https:\/\/www.fachschaft.info\/en\/wp-json\/wp\/v2\/types\/page"}],"author":[{"embeddable":true,"href":"https:\/\/www.fachschaft.info\/en\/wp-json\/wp\/v2\/users\/48"}],"replies":[{"embeddable":true,"href":"https:\/\/www.fachschaft.info\/en\/wp-json\/wp\/v2\/comments?post=3890"}],"version-history":[{"count":3,"href":"https:\/\/www.fachschaft.info\/en\/wp-json\/wp\/v2\/pages\/3890\/revisions"}],"predecessor-version":[{"id":3897,"href":"https:\/\/www.fachschaft.info\/en\/wp-json\/wp\/v2\/pages\/3890\/revisions\/3897"}],"up":[{"embeddable":true,"href":"https:\/\/www.fachschaft.info\/en\/wp-json\/wp\/v2\/pages\/54"}],"wp:attachment":[{"href":"https:\/\/www.fachschaft.info\/en\/wp-json\/wp\/v2\/media?parent=3890"}],"curies":[{"name":"wp","href":"https:\/\/api.w.org\/{rel}","templated":true}]}}