{"id":3877,"date":"2023-11-15T19:19:43","date_gmt":"2023-11-15T18:19:43","guid":{"rendered":"https:\/\/www.fachschaft.info\/?page_id=3877"},"modified":"2025-10-08T11:56:38","modified_gmt":"2025-10-08T09:56:38","slug":"awareness-response-team","status":"publish","type":"page","link":"https:\/\/www.fachschaft.info\/en\/service\/awareness-response-team\/","title":{"rendered":"Awareness | Response-Team","raw":"Awareness | Response-Team"},"content":{"rendered":"<p>&nbsp;<\/p>\r\n<p>&nbsp;<\/p>\r\n<p><style>\r\n    body {\r\n      font-family: Arial, sans-serif;\r\n      line-height: 1.6;\r\n      background-color: #f9f9f9;\r\n      color: #333;\r\n      margin: 20px;\r\n    }\r\n\r\n    h2 {\r\n      color: #0056b3;\r\n      margin-bottom: 10px;\r\n      border-bottom: 2px solid #0056b3;\r\n      padding-bottom: 5px;\r\n    }\r\n\r\n    p {\r\n      margin-bottom: 20px;\r\n    }\r\n\r\n    a {\r\n      color: #0056b3;\r\n      text-decoration: none;\r\n    }\r\n\r\n    a:hover {\r\n      text-decoration: underline;\r\n    }\r\n\r\n    .wp-block-columns {\r\n      display: flex;\r\n      flex-wrap: wrap;\r\n      gap: 20px;\r\n      margin-bottom: 40px;\r\n    }\r\n\r\n    .wp-block-column {\r\n      background-color: #fff;\r\n      border: 1px solid #e0e0e0;\r\n      border-radius: 8px;\r\n      padding: 15px;\r\n      box-shadow: 0 4px 8px rgba(0, 0, 0, 0.1);\r\n      flex-basis: calc(50% - 10px);\r\n      text-align: center;\r\n    }\r\n\r\n    .wp-block-column img {\r\n      border-radius: 8px;\r\n      margin-bottom: 10px;\r\n      max-width: 100%;\r\n      height: auto;\r\n    }\r\n\r\n    .wp-block-column ul {\r\n      list-style-type: none;\r\n      padding: 0;\r\n      margin: 0;\r\n    }\r\n\r\n    .wp-block-column li {\r\n      margin-bottom: 5px;\r\n      font-size: 1.1rem;\r\n    }\r\n\r\n    .wp-block-column li a {\r\n      font-weight: bold;\r\n      color: #333;\r\n    }\r\n\r\n    .wp-block-column strong {\r\n      font-size: 1.2rem;\r\n    }\r\n\r\n    .wp-block-paragraph {\r\n      font-size: 1.05rem;\r\n      line-height: 1.7;\r\n      margin-bottom: 15px;\r\n    }\r\n  <\/style><\/p>\r\n\r\n<h2 class=\"wp-block-heading\">Members<\/h2>\r\n\r\n\r\n\r\n<p>Shared email address for the Awareness Team: <a href=\"mailto:informatik.awareness@protonmail.com\">informatik.awareness@protonmail.com<\/a><br \/>All team members have access. You can find the individual addresses and photos below:<\/p>\r\n\r\n\r\n\r\n<div class=\"wp-block-columns is-layout-flex wp-container-core-columns-is-layout-9d6595d7 wp-block-columns-is-layout-flex\">\r\n<div class=\"wp-block-column\"><img decoding=\"async\" src=\"https:\/\/www.fachschaft.info\/wp-content\/uploads\/2024\/10\/attatchment.b72oCG-240x300.jpeg\" alt=\"Linus Rodr\u00edguez G\u00f3mez\" \/>\r\n<ul>\r\n<li><strong>Linus Rodr\u00edguez G\u00f3mez<\/strong><\/li>\r\n<li><a href=\"mailto:linus.awareness@protonmail.com\">linus.awareness@protonmail.com<\/a><\/li>\r\n<\/ul>\r\n<\/div>\r\n<div class=\"wp-block-column\"><img decoding=\"async\" src=\"https:\/\/www.fachschaft.info\/wp-content\/uploads\/2024\/10\/attatchment.8x2G4S-240x300.jpeg\" alt=\"Robin Meth\" \/>\r\n<ul>\r\n<li><strong>Robin Meth<\/strong><\/li>\r\n<li><a href=\"mailto:robin.awareness@protonmail.com\">robin.awareness@protonmail.com<\/a><\/li>\r\n<\/ul>\r\n<\/div>\r\n<\/div>\r\n<div class=\"wp-block-columns\">\r\n<div class=\"wp-block-column\"><img decoding=\"async\" src=\"https:\/\/www.fachschaft.info\/wp-content\/uploads\/2024\/10\/attatchment.U05mYx-240x300.jpeg\" alt=\"Sophia Sirtl\" \/>\r\n<ul>\r\n<li><strong>Sophia Sirtl<\/strong><\/li>\r\n<li><a href=\"mailto:sophia.awareness@protonmail.com\">sophia.awareness@protonmail.com<\/a><\/li>\r\n<\/ul>\r\n<\/div>\r\n<\/div>\r\n\r\n\r\n\r\n<h2 class=\"wp-block-heading\">Reports &amp; Contact<\/h2>\r\n\r\n\r\n\r\n<p>If you are involved in a situation or observe situations where people are insulted, discriminated against, harassed, or treated disrespectfully, you can contact members of the Response Team. <strong>Please report incidents<\/strong>, even if you&#8217;re not entirely sure how problematic they are! We can only act based on reported situations.<\/p>\r\n\r\n\r\n\r\n<p>You can report incidents at any time, even outside of events (e.g., at the university or in the FS office), to the team.<\/p>\r\n\r\n\r\n\r\n\r\n\r\n<h2 class=\"wp-block-heading\">Events<\/h2>\r\n\r\n\r\n\r\n<p>At Fachschaft events, there are designated contacts available to assist individuals when uncomfortable situations or even incidents of harassment occur. Active members can be recognized by a <strong>string of lights or purple vest<\/strong>. For larger events, we also offer a <strong>retreat area<\/strong> in the form of a dedicated room. If you&#8217;d like support, please contact the Response Team.<\/p>\r\n\r\n\r\n\r\n<h2 class=\"wp-block-heading\">Guidelines<\/h2>\r\n\r\n\r\n\r\n<p>The Code of Conduct is listed under <a href=\"https:\/\/www.fachschaft.info\/ueber-uns\/dokumente\/\" target=\"_blank\" rel=\"noopener\">Documents<\/a>.<\/p>\r\n","protected":false,"raw":"<p>&nbsp;<\/p>\r\n<p>&nbsp;<\/p>\r\n<p><style>\r\n    body {\r\n      font-family: Arial, sans-serif;\r\n      line-height: 1.6;\r\n      background-color: #f9f9f9;\r\n      color: #333;\r\n      margin: 20px;\r\n    }\r\n\r\n    h2 {\r\n      color: #0056b3;\r\n      margin-bottom: 10px;\r\n      border-bottom: 2px solid #0056b3;\r\n      padding-bottom: 5px;\r\n    }\r\n\r\n    p {\r\n      margin-bottom: 20px;\r\n    }\r\n\r\n    a {\r\n      color: #0056b3;\r\n      text-decoration: none;\r\n    }\r\n\r\n    a:hover {\r\n      text-decoration: underline;\r\n    }\r\n\r\n    .wp-block-columns {\r\n      display: flex;\r\n      flex-wrap: wrap;\r\n      gap: 20px;\r\n      margin-bottom: 40px;\r\n    }\r\n\r\n    .wp-block-column {\r\n      background-color: #fff;\r\n      border: 1px solid #e0e0e0;\r\n      border-radius: 8px;\r\n      padding: 15px;\r\n      box-shadow: 0 4px 8px rgba(0, 0, 0, 0.1);\r\n      flex-basis: calc(50% - 10px);\r\n      text-align: center;\r\n    }\r\n\r\n    .wp-block-column img {\r\n      border-radius: 8px;\r\n      margin-bottom: 10px;\r\n      max-width: 100%;\r\n      height: auto;\r\n    }\r\n\r\n    .wp-block-column ul {\r\n      list-style-type: none;\r\n      padding: 0;\r\n      margin: 0;\r\n    }\r\n\r\n    .wp-block-column li {\r\n      margin-bottom: 5px;\r\n      font-size: 1.1rem;\r\n    }\r\n\r\n    .wp-block-column li a {\r\n      font-weight: bold;\r\n      color: #333;\r\n    }\r\n\r\n    .wp-block-column strong {\r\n      font-size: 1.2rem;\r\n    }\r\n\r\n    .wp-block-paragraph {\r\n      font-size: 1.05rem;\r\n      line-height: 1.7;\r\n      margin-bottom: 15px;\r\n    }\r\n  <\/style><\/p>\r\n<!-- wp:heading -->\r\n<h2 class=\"wp-block-heading\">Members<\/h2>\r\n<!-- \/wp:heading -->\r\n\r\n<!-- wp:paragraph -->\r\n<p>Shared email address for the Awareness Team: <a href=\"mailto:informatik.awareness@protonmail.com\">informatik.awareness@protonmail.com<\/a><br \/>All team members have access. You can find the individual addresses and photos below:<\/p>\r\n<!-- \/wp:paragraph -->\r\n\r\n<!-- wp:columns -->\r\n<div class=\"wp-block-columns\">\r\n<div class=\"wp-block-column\"><img src=\"https:\/\/www.fachschaft.info\/wp-content\/uploads\/2024\/10\/attatchment.b72oCG-240x300.jpeg\" alt=\"Linus Rodr\u00edguez G\u00f3mez\" \/>\r\n<ul>\r\n<li><strong>Linus Rodr\u00edguez G\u00f3mez<\/strong><\/li>\r\n<li><a href=\"mailto:linus.awareness@protonmail.com\">linus.awareness@protonmail.com<\/a><\/li>\r\n<\/ul>\r\n<\/div>\r\n<div class=\"wp-block-column\"><img src=\"https:\/\/www.fachschaft.info\/wp-content\/uploads\/2024\/10\/attatchment.8x2G4S-240x300.jpeg\" alt=\"Robin Meth\" \/>\r\n<ul>\r\n<li><strong>Robin Meth<\/strong><\/li>\r\n<li><a href=\"mailto:robin.awareness@protonmail.com\">robin.awareness@protonmail.com<\/a><\/li>\r\n<\/ul>\r\n<\/div>\r\n<\/div>\r\n<div class=\"wp-block-columns\">\r\n<div class=\"wp-block-column\"><img src=\"https:\/\/www.fachschaft.info\/wp-content\/uploads\/2024\/10\/attatchment.U05mYx-240x300.jpeg\" alt=\"Sophia Sirtl\" \/>\r\n<ul>\r\n<li><strong>Sophia Sirtl<\/strong><\/li>\r\n<li><a href=\"mailto:sophia.awareness@protonmail.com\">sophia.awareness@protonmail.com<\/a><\/li>\r\n<\/ul>\r\n<\/div>\r\n<\/div>\r\n<!-- \/wp:columns -->\r\n\r\n<!-- wp:heading -->\r\n<h2 class=\"wp-block-heading\">Reports &amp; Contact<\/h2>\r\n<!-- \/wp:heading -->\r\n\r\n<!-- wp:paragraph -->\r\n<p>If you are involved in a situation or observe situations where people are insulted, discriminated against, harassed, or treated disrespectfully, you can contact members of the Response Team. <strong>Please report incidents<\/strong>, even if you're not entirely sure how problematic they are! We can only act based on reported situations.<\/p>\r\n<!-- \/wp:paragraph -->\r\n\r\n<!-- wp:paragraph -->\r\n<p>You can report incidents at any time, even outside of events (e.g., at the university or in the FS office), to the team.<\/p>\r\n<!-- \/wp:paragraph -->\r\n\r\n<!-- wp:paragraph --><!-- \/wp:paragraph -->\r\n\r\n<!-- wp:heading -->\r\n<h2 class=\"wp-block-heading\">Events<\/h2>\r\n<!-- \/wp:heading -->\r\n\r\n<!-- wp:paragraph -->\r\n<p>At Fachschaft events, there are designated contacts available to assist individuals when uncomfortable situations or even incidents of harassment occur. Active members can be recognized by a <strong>string of lights or purple vest<\/strong>. For larger events, we also offer a <strong>retreat area<\/strong> in the form of a dedicated room. If you'd like support, please contact the Response Team.<\/p>\r\n<!-- \/wp:paragraph -->\r\n\r\n<!-- wp:heading -->\r\n<h2 class=\"wp-block-heading\">Guidelines<\/h2>\r\n<!-- \/wp:heading -->\r\n\r\n<!-- wp:paragraph -->\r\n<p>The Code of Conduct is listed under <a href=\"https:\/\/www.fachschaft.info\/ueber-uns\/dokumente\/\" target=\"_blank\" rel=\"noopener\">Documents<\/a>.<\/p>\r\n<!-- \/wp:paragraph -->"},"excerpt":{"rendered":"","protected":false,"raw":""},"author":48,"featured_media":0,"parent":85,"menu_order":1,"comment_status":"closed","ping_status":"closed","template":"","meta":{"_de_post_content":"<h2 class=\"wp-block-heading\">Mitglieder<\/h2>\r\n<p><span class=\"mx_EventTile_body markdown-body translate\">Die Mitglieder des Teams sind per E-Mail erreichbar. Die Kontakt-Adresse ist <a class=\"linkified\" href=\"mailto:informatik.awareness@protonmail.com\" rel=\"noreferrer noopener\">informatik.awareness@protonmail.com<\/a>, auf welche alle Mitglieder des Awareness-Teams Zugriff haben. Ihr k\u00f6nnt die Mitglieder aber auch individuell \u00fcber die nachfolgenden Adressen kontaktieren:<\/span><\/p>\r\n<!-- \/wp:heading -->\r\n\r\n<!-- wp:paragraph --><!-- \/wp:paragraph -->\r\n\r\n<!-- wp:columns -->\r\n<div class=\"wp-block-columns\"><!-- Mitglied: Linus Rodr\u00edguez G\u00f3mez -->\r\n<div class=\"wp-block-column\"><img src=\"https:\/\/www.fachschaft.info\/wp-content\/uploads\/2024\/10\/attatchment.b72oCG-240x300.jpeg\" alt=\"Linus Rodr\u00edguez G\u00f3mez\" \/>\r\n<ul>\r\n<li><strong>Linus Rodr\u00edguez G\u00f3mez<\/strong><\/li>\r\n<li><a href=\"mailto:linus.awareness@protonmail.com\">linus.awareness@protonmail.com<\/a><\/li>\r\n<\/ul>\r\n<\/div>\r\n<!-- Mitglied: Robin Meth -->\r\n<div class=\"wp-block-column\"><img src=\"https:\/\/www.fachschaft.info\/wp-content\/uploads\/2024\/10\/attatchment.8x2G4S-240x300.jpeg\" alt=\"Robin Meth\" \/>\r\n<ul>\r\n<li><strong>Robin Meth<\/strong><\/li>\r\n<li><a href=\"mailto:robin.awareness@protonmail.com\">robin.awareness@protonmail.com<\/a><\/li>\r\n<\/ul>\r\n<\/div>\r\n<!-- Mitglied: Sophia Sirtl -->\r\n<div class=\"wp-block-column\"><img src=\"https:\/\/www.fachschaft.info\/wp-content\/uploads\/2024\/10\/attatchment.U05mYx-240x300.jpeg\" alt=\"Sophia Sirtl\" \/>\r\n<ul>\r\n<li><strong>Sophia Sirtl<\/strong><\/li>\r\n<li><a href=\"mailto:sophia.awareness@protonmail.com\">sophia.awareness@protonmail.com<\/a><\/li>\r\n<\/ul>\r\n<\/div>\r\n<\/div>\r\n<!-- \/wp:columns -->\r\n\r\n<!-- wp:heading -->\r\n<h2 class=\"wp-block-heading\">Meldungen &amp; Kontakt<\/h2>\r\n<!-- \/wp:heading -->\r\n\r\n<!-- wp:paragraph -->\r\n<p>Wenn ihr selbst an einer Situation beteiligt seid oder Situationen beobachtet, in denen Personen beleidigt, diskriminiert, bedr\u00e4ngt oder anderweitig respektlos behandelt werden, k\u00f6nnt ihr euch an Mitglieder des Response-Teams wenden. <strong>Bitte meldet Vorf\u00e4lle<\/strong>, auch wenn ihr euch nicht sicher seid, wie problematisch diese sind! Wir k\u00f6nnen nur basierend auf gemeldeten Situationen handeln.<\/p>\r\n<!-- \/wp:paragraph -->\r\n\r\n<!-- wp:paragraph -->\r\n<p>Ihr k\u00f6nnt Vorf\u00e4lle jederzeit, auch au\u00dferhalb von Veranstaltungen (z.B. in der Uni oder im FS-B\u00fcro), an das Team melden. <span class=\"mx_EventTile_body markdown-body translate\">Dar\u00fcber hinaus k\u00f6nnt ihr euch auch an das Team wenden, wenn euch etwas anderes aus dem Unialltag bedr\u00fcckt und ihr mit jemandem dar\u00fcber sprechen m\u00f6chtet. Bitte beachtet allerdings, dass das Team im Allgemeinen keine psychosoziale Beratung bieten kann. Falls ihr euch unsicher seid, welche Art der Unterst\u00fctzung f\u00fcr euch die richtige ist, oder nicht ganz wisst wo ihr anfangen sollt, sind Mitglieder des Teams ebenfalls gerne f\u00fcr euch da. Gemeinsam k\u00f6nnen z.B. m\u00f6gliche Anlaufstellen besprochen werden.<\/span><\/p>\r\n<!-- \/wp:paragraph -->\r\n\r\n<!-- wp:paragraph --><!-- \/wp:paragraph -->\r\n\r\n<!-- wp:heading -->\r\n<h2 class=\"wp-block-heading\">Veranstaltungen<\/h2>\r\n<!-- \/wp:heading -->\r\n\r\n<!-- wp:paragraph -->\r\n<p>Auf Fachschaftsveranstaltungen stehen Ansprechpartner zur Verf\u00fcgung, die Betroffenen in unangenehmen Situationen oder bei \u00dcbergrifflichkeiten beistehen. Diese Mitglieder erkennt ihr an einem Namensschild oder an einer <strong>Lichterkette oder Lila Weste<\/strong>. Bei gr\u00f6\u00dferen Veranstaltungen bieten wir einen <strong>R\u00fcckzugsort<\/strong> in Form eines separaten Raumes an. Meldet euch gerne beim Awareness-Team, wenn ihr Unterst\u00fctzung m\u00f6chtet.<\/p>\r\n<!-- \/wp:paragraph -->\r\n\r\n<!-- wp:heading -->\r\n<h2 class=\"wp-block-heading\">Grundlagen<\/h2>\r\n<!-- \/wp:heading -->\r\n\r\n<!-- wp:paragraph -->\r\n<p>Der Code of Conduct ist <a href=\"https:\/\/www.sp.uni-bonn.de\/dokumente\/idx\/Sonstige\/Fachschaften\/COC-Informatik.html\" target=\"_blank\" rel=\"noopener\">hier<\/a> bekannt gemacht.<\/p>\r\n<!-- \/wp:paragraph -->","_de_post_name":"awareness","_de_post_excerpt":"","_de_post_title":"Awareness | Response-Team","_en_post_content":"<p>&nbsp;<\/p>\r\n<p>&nbsp;<\/p>\r\n<p><style>\r\n    body {\r\n      font-family: Arial, sans-serif;\r\n      line-height: 1.6;\r\n      background-color: #f9f9f9;\r\n      color: #333;\r\n      margin: 20px;\r\n    }\r\n\r\n    h2 {\r\n      color: #0056b3;\r\n      margin-bottom: 10px;\r\n      border-bottom: 2px solid #0056b3;\r\n      padding-bottom: 5px;\r\n    }\r\n\r\n    p {\r\n      margin-bottom: 20px;\r\n    }\r\n\r\n    a {\r\n      color: #0056b3;\r\n      text-decoration: none;\r\n    }\r\n\r\n    a:hover {\r\n      text-decoration: underline;\r\n    }\r\n\r\n    .wp-block-columns {\r\n      display: flex;\r\n      flex-wrap: wrap;\r\n      gap: 20px;\r\n      margin-bottom: 40px;\r\n    }\r\n\r\n    .wp-block-column {\r\n      background-color: #fff;\r\n      border: 1px solid #e0e0e0;\r\n      border-radius: 8px;\r\n      padding: 15px;\r\n      box-shadow: 0 4px 8px rgba(0, 0, 0, 0.1);\r\n      flex-basis: calc(50% - 10px);\r\n      text-align: center;\r\n    }\r\n\r\n    .wp-block-column img {\r\n      border-radius: 8px;\r\n      margin-bottom: 10px;\r\n      max-width: 100%;\r\n      height: auto;\r\n    }\r\n\r\n    .wp-block-column ul {\r\n      list-style-type: none;\r\n      padding: 0;\r\n      margin: 0;\r\n    }\r\n\r\n    .wp-block-column li {\r\n      margin-bottom: 5px;\r\n      font-size: 1.1rem;\r\n    }\r\n\r\n    .wp-block-column li a {\r\n      font-weight: bold;\r\n      color: #333;\r\n    }\r\n\r\n    .wp-block-column strong {\r\n      font-size: 1.2rem;\r\n    }\r\n\r\n    .wp-block-paragraph {\r\n      font-size: 1.05rem;\r\n      line-height: 1.7;\r\n      margin-bottom: 15px;\r\n    }\r\n  <\/style><\/p>\r\n<!-- wp:heading -->\r\n<h2 class=\"wp-block-heading\">Members<\/h2>\r\n<!-- \/wp:heading -->\r\n\r\n<!-- wp:paragraph -->\r\n<p>Shared email address for the Awareness Team: <a href=\"mailto:informatik.awareness@protonmail.com\">informatik.awareness@protonmail.com<\/a><br \/>All team members have access. You can find the individual addresses and photos below:<\/p>\r\n<!-- \/wp:paragraph -->\r\n\r\n<!-- wp:columns -->\r\n<div class=\"wp-block-columns\">\r\n<div class=\"wp-block-column\"><img src=\"https:\/\/www.fachschaft.info\/wp-content\/uploads\/2024\/10\/attatchment.b72oCG-240x300.jpeg\" alt=\"Linus Rodr\u00edguez G\u00f3mez\" \/>\r\n<ul>\r\n<li><strong>Linus Rodr\u00edguez G\u00f3mez<\/strong><\/li>\r\n<li><a href=\"mailto:linus.awareness@protonmail.com\">linus.awareness@protonmail.com<\/a><\/li>\r\n<\/ul>\r\n<\/div>\r\n<div class=\"wp-block-column\"><img src=\"https:\/\/www.fachschaft.info\/wp-content\/uploads\/2024\/10\/attatchment.8x2G4S-240x300.jpeg\" alt=\"Robin Meth\" \/>\r\n<ul>\r\n<li><strong>Robin Meth<\/strong><\/li>\r\n<li><a href=\"mailto:robin.awareness@protonmail.com\">robin.awareness@protonmail.com<\/a><\/li>\r\n<\/ul>\r\n<\/div>\r\n<\/div>\r\n<div class=\"wp-block-columns\">\r\n<div class=\"wp-block-column\"><img src=\"https:\/\/www.fachschaft.info\/wp-content\/uploads\/2024\/10\/attatchment.U05mYx-240x300.jpeg\" alt=\"Sophia Sirtl\" \/>\r\n<ul>\r\n<li><strong>Sophia Sirtl<\/strong><\/li>\r\n<li><a href=\"mailto:sophia.awareness@protonmail.com\">sophia.awareness@protonmail.com<\/a><\/li>\r\n<\/ul>\r\n<\/div>\r\n<\/div>\r\n<!-- \/wp:columns -->\r\n\r\n<!-- wp:heading -->\r\n<h2 class=\"wp-block-heading\">Reports &amp; Contact<\/h2>\r\n<!-- \/wp:heading -->\r\n\r\n<!-- wp:paragraph -->\r\n<p>If you are involved in a situation or observe situations where people are insulted, discriminated against, harassed, or treated disrespectfully, you can contact members of the Response Team. <strong>Please report incidents<\/strong>, even if you're not entirely sure how problematic they are! We can only act based on reported situations.<\/p>\r\n<!-- \/wp:paragraph -->\r\n\r\n<!-- wp:paragraph -->\r\n<p>You can report incidents at any time, even outside of events (e.g., at the university or in the FS office), to the team.<\/p>\r\n<!-- \/wp:paragraph -->\r\n\r\n<!-- wp:paragraph --><!-- \/wp:paragraph -->\r\n\r\n<!-- wp:heading -->\r\n<h2 class=\"wp-block-heading\">Events<\/h2>\r\n<!-- \/wp:heading -->\r\n\r\n<!-- wp:paragraph -->\r\n<p>At Fachschaft events, there are designated contacts available to assist individuals when uncomfortable situations or even incidents of harassment occur. Active members can be recognized by a <strong>string of lights or purple vest<\/strong>. For larger events, we also offer a <strong>retreat area<\/strong> in the form of a dedicated room. If you'd like support, please contact the Response Team.<\/p>\r\n<!-- \/wp:paragraph -->\r\n\r\n<!-- wp:heading -->\r\n<h2 class=\"wp-block-heading\">Guidelines<\/h2>\r\n<!-- \/wp:heading -->\r\n\r\n<!-- wp:paragraph -->\r\n<p>The Code of Conduct is listed under <a href=\"https:\/\/www.fachschaft.info\/ueber-uns\/dokumente\/\" target=\"_blank\" rel=\"noopener\">Documents<\/a>.<\/p>\r\n<!-- \/wp:paragraph -->","_en_post_name":"awareness-response-team","_en_post_excerpt":"","_en_post_title":"Awareness | Response-Team","edit_language":"en","footnotes":""},"class_list":["post-3877","page","type-page","status-publish","hentry"],"_links":{"self":[{"href":"https:\/\/www.fachschaft.info\/en\/wp-json\/wp\/v2\/pages\/3877","targetHints":{"allow":["GET"]}}],"collection":[{"href":"https:\/\/www.fachschaft.info\/en\/wp-json\/wp\/v2\/pages"}],"about":[{"href":"https:\/\/www.fachschaft.info\/en\/wp-json\/wp\/v2\/types\/page"}],"author":[{"embeddable":true,"href":"https:\/\/www.fachschaft.info\/en\/wp-json\/wp\/v2\/users\/48"}],"replies":[{"embeddable":true,"href":"https:\/\/www.fachschaft.info\/en\/wp-json\/wp\/v2\/comments?post=3877"}],"version-history":[{"count":33,"href":"https:\/\/www.fachschaft.info\/en\/wp-json\/wp\/v2\/pages\/3877\/revisions"}],"predecessor-version":[{"id":5144,"href":"https:\/\/www.fachschaft.info\/en\/wp-json\/wp\/v2\/pages\/3877\/revisions\/5144"}],"up":[{"embeddable":true,"href":"https:\/\/www.fachschaft.info\/en\/wp-json\/wp\/v2\/pages\/85"}],"wp:attachment":[{"href":"https:\/\/www.fachschaft.info\/en\/wp-json\/wp\/v2\/media?parent=3877"}],"curies":[{"name":"wp","href":"https:\/\/api.w.org\/{rel}","templated":true}]}}