{"id":142,"date":"2018-01-22T12:01:03","date_gmt":"2018-01-22T11:01:03","guid":{"rendered":"https:\/\/fs.archer.theus.name\/?page_id=142"},"modified":"2025-10-09T14:05:27","modified_gmt":"2025-10-09T12:05:27","slug":"orientierungseinheit","status":"publish","type":"page","link":"https:\/\/www.fachschaft.info\/en\/studienbeginn\/orientierungseinheit\/","title":{"rendered":"Orientation Unit","raw":"Orientation Unit"},"content":{"rendered":"\r\n<p><span style=\"background-color: yellow; padding: 0.2em;\">You can get the slides from the orientation event for summer semester 2025 <a href=\"https:\/\/www.fachschaft.info\/wp-content\/uploads\/2025\/03\/Vortrag_WS_2425.pdf\">Master_OU_2025<\/a>.<\/span><\/p>\r\n<p><span style=\"background-color: yellow; padding: 0.2em;\">You can get the slides from the orientation event for winter semester 2025\/2026 <a href=\"https:\/\/www.fachschaft.info\/wp-content\/uploads\/2025\/10\/Master_OU_2526.pdf\">Master_OU__WS_2025_2026<\/a>.<\/span><\/p>\r\n\r\n\r\n\r\n<p><em>Info for the orientation unit for the bachelors programs are available in <a href=\"https:\/\/www.fachschaft.info\/studienbeginn\/orientierungseinheit\/\">german<\/a>.<\/em><\/p>\r\n\r\n\r\n\r\n<p>At the beginning of every semester, the student body organizes a orientation unit (OU) for new master students.<\/p>\r\n\r\n\r\n\r\n<p>The most important goals of the OU are:<\/p>\r\n\r\n\r\n\r\n<ul class=\"wp-block-list\">\r\n<li>meet your peers &#8211; without friends, studying is hard!<\/li>\r\n\r\n\r\n\r\n<li>get to know the unis facilities &#8211; so that you can find your way around!<\/li>\r\n\r\n\r\n\r\n<li>take away the panic &#8211; we are all just humans!<\/li>\r\n\r\n\r\n\r\n<li>answering you questions &#8211; so that you are well prepared!<\/li>\r\n\r\n\r\n\r\n<li>have fun &#8211; of course!<\/li>\r\n<\/ul>\r\n\r\n\r\n\r\n<p>During OU you will meet peers of higher semesters who will tell you anything you need to know. We will show you the campus and you will have plenty of time to get to know your peers.<\/p>\r\n\r\n\r\n\r\n<div style=\"height:var(--wp--preset--spacing--40)\" aria-hidden=\"true\" class=\"wp-block-spacer\"><\/div>\r\n\r\n\r\n\r\n<h2 class=\"wp-block-heading\">Winter Semester 2025\/2026<\/h2>\r\n\r\n\r\n\r\n<p> For all information regarding the master orientation unit for the summer semester 2025 check out this: <a href=\"https:\/\/oe.fachschaft.info\/en\/master\/\/\">Master Orientation Unit 2025\/2026<\/a> <\/p>\r\n\r\n\r\n\r\n<h2 class=\"wp-block-heading\">Summer Semester 2025<\/h2>\r\n\r\n\r\n\r\n<p> For all information regarding the master orientation unit for the summer semester 2025 check out this: <a href=\"https:\/\/www.fachschaft.info\/2025\/03\/28\/master-orientation-unit-2025\/\">Master Orientation Unit 2025<\/a> <\/p>\r\n","protected":false,"raw":"<!-- wp:paragraph -->\r\n<p><span style=\"background-color: yellow; padding: 0.2em;\">You can get the slides from the orientation event for summer semester 2025 <a href=\"https:\/\/www.fachschaft.info\/wp-content\/uploads\/2025\/03\/Vortrag_WS_2425.pdf\">Master_OU_2025<\/a>.<\/span><\/p>\r\n<p><span style=\"background-color: yellow; padding: 0.2em;\">You can get the slides from the orientation event for winter semester 2025\/2026 <a href=\"https:\/\/www.fachschaft.info\/wp-content\/uploads\/2025\/10\/Master_OU_2526.pdf\">Master_OU__WS_2025_2026<\/a>.<\/span><\/p>\r\n<!-- \/wp:paragraph -->\r\n\r\n<!-- wp:paragraph -->\r\n<p><em>Info for the orientation unit for the bachelors programs are available in <a href=\"https:\/\/www.fachschaft.info\/studienbeginn\/orientierungseinheit\/\">german<\/a>.<\/em><\/p>\r\n<!-- \/wp:paragraph -->\r\n\r\n<!-- wp:paragraph -->\r\n<p>At the beginning of every semester, the student body organizes a orientation unit (OU) for new master students.<\/p>\r\n<!-- \/wp:paragraph -->\r\n\r\n<!-- wp:paragraph -->\r\n<p>The most important goals of the OU are:<\/p>\r\n<!-- \/wp:paragraph -->\r\n\r\n<!-- wp:list -->\r\n<ul><!-- wp:list-item -->\r\n<li>meet your peers - without friends, studying is hard!<\/li>\r\n<!-- \/wp:list-item -->\r\n\r\n<!-- wp:list-item -->\r\n<li>get to know the unis facilities - so that you can find your way around!<\/li>\r\n<!-- \/wp:list-item -->\r\n\r\n<!-- wp:list-item -->\r\n<li>take away the panic - we are all just humans!<\/li>\r\n<!-- \/wp:list-item -->\r\n\r\n<!-- wp:list-item -->\r\n<li>answering you questions - so that you are well prepared!<\/li>\r\n<!-- \/wp:list-item -->\r\n\r\n<!-- wp:list-item -->\r\n<li>have fun - of course!<\/li>\r\n<!-- \/wp:list-item --><\/ul>\r\n<!-- \/wp:list -->\r\n\r\n<!-- wp:paragraph -->\r\n<p>During OU you will meet peers of higher semesters who will tell you anything you need to know. We will show you the campus and you will have plenty of time to get to know your peers.<\/p>\r\n<!-- \/wp:paragraph -->\r\n\r\n<!-- wp:spacer {\"height\":\"var:preset|spacing|40\"} -->\r\n<div style=\"height:var(--wp--preset--spacing--40)\" aria-hidden=\"true\" class=\"wp-block-spacer\"><\/div>\r\n<!-- \/wp:spacer -->\r\n\r\n<!-- wp:heading -->\r\n<h2 class=\"wp-block-heading\">Winter Semester 2025\/2026<\/h2>\r\n<!-- \/wp:heading -->\r\n\r\n<!-- wp:paragraph -->\r\n<p> For all information regarding the master orientation unit for the summer semester 2025 check out this: <a href=\"https:\/\/oe.fachschaft.info\/en\/master\/\/\">Master Orientation Unit 2025\/2026<\/a> <\/p>\r\n<!-- \/wp:paragraph -->\r\n\r\n<!-- wp:heading -->\r\n<h2 class=\"wp-block-heading\">Summer Semester 2025<\/h2>\r\n<!-- \/wp:heading -->\r\n\r\n<!-- wp:paragraph -->\r\n<p> For all information regarding the master orientation unit for the summer semester 2025 check out this: <a href=\"https:\/\/www.fachschaft.info\/2025\/03\/28\/master-orientation-unit-2025\/\">Master Orientation Unit 2025<\/a> <\/p>\r\n<!-- \/wp:paragraph -->"},"excerpt":{"rendered":"","protected":false,"raw":""},"author":2,"featured_media":0,"parent":118,"menu_order":2,"comment_status":"closed","ping_status":"closed","template":"","meta":{"_de_post_content":"<div class=\"level1\">\r\n\r\n<em>Information on introductory events for the Master's programs is available in <a href=\"https:\/\/www.fachschaft.info\/en\/studienbeginn\/orientierungseinheit\/\">englisch<\/a>.<\/em>\r\n\r\nJedes Jahr veranstaltet die Fachschaft zu Beginn des Wintersemesters eine Orientierungseinheit (OE) f\u00fcr die neuen Bachelorstudierenden.\r\n\r\nDie wichtigsten Ziele der OE sind:\r\n<ul>\r\n \t<li class=\"level1\">\r\n<div class=\"li\">Andere Studis kennenlernen - denn ohne Freunde kommt man nicht weit im Studium!<\/div><\/li>\r\n \t<li class=\"level1\">\r\n<div class=\"li\">Geb\u00e4ude und Einrichtungen der Uni anschauen - damit ihr euch direkt gut auskennt!<\/div><\/li>\r\n \t<li class=\"level1\">\r\n<div class=\"li\">Panik vor dem Studium nehmen - wir sind ja alle nur Menschen! (hoffentlich)<\/div><\/li>\r\n \t<li class=\"level1\">\r\n<div class=\"li\">Eure Fragen beantworten - damit ihr auf alles gut vorbereitet seid!<\/div><\/li>\r\n \t<li class=\"level1\">\r\n<div class=\"li\">Spa\u00df haben - na klar!<\/div><\/li>\r\n<\/ul>\r\nBei der OE wird euch von mehr oder weniger \u201ealten Hasen\u201c in kleinen Gruppen alles Wichtige erkl\u00e4rt. Wir f\u00fchren euch durch die Uni und zeigen euch die wichtigsten Orte und R\u00e4ume. Nebenbei gibts nat\u00fcrlich auch die ein oder andere Party, denn so lernt man sich am besten kennen!\r\n\r\n&nbsp;\r\n<h3>Informationen zur aktuellen Orientierungseinheit(OE)<\/h3>\r\nWir haben eine extra Website f\u00fcr die Orientierungseinheit(OE), dort findet ihr zu gegebener Zeit alle Informationen gesammelt: <a href=\"https:\/\/oe.fachschaft.info\/\">https:\/\/oe.fachschaft.info\/<\/a>\r\n\r\n<\/div>","_de_post_name":"orientierungseinheit","_de_post_excerpt":"","_de_post_title":"Orientierungseinheit","_en_post_content":"<!-- wp:paragraph -->\r\n<p><span style=\"background-color: yellow; padding: 0.2em;\">You can get the slides from the orientation event for summer semester 2025 <a href=\"https:\/\/www.fachschaft.info\/wp-content\/uploads\/2025\/03\/Vortrag_WS_2425.pdf\">Master_OU_2025<\/a>.<\/span><\/p>\r\n<p><span style=\"background-color: yellow; padding: 0.2em;\">You can get the slides from the orientation event for winter semester 2025\/2026 <a href=\"https:\/\/www.fachschaft.info\/wp-content\/uploads\/2025\/10\/Master_OU_2526.pdf\">Master_OU__WS_2025_2026<\/a>.<\/span><\/p>\r\n<!-- \/wp:paragraph -->\r\n\r\n<!-- wp:paragraph -->\r\n<p><em>Info for the orientation unit for the bachelors programs are available in <a href=\"https:\/\/www.fachschaft.info\/studienbeginn\/orientierungseinheit\/\">german<\/a>.<\/em><\/p>\r\n<!-- \/wp:paragraph -->\r\n\r\n<!-- wp:paragraph -->\r\n<p>At the beginning of every semester, the student body organizes a orientation unit (OU) for new master students.<\/p>\r\n<!-- \/wp:paragraph -->\r\n\r\n<!-- wp:paragraph -->\r\n<p>The most important goals of the OU are:<\/p>\r\n<!-- \/wp:paragraph -->\r\n\r\n<!-- wp:list -->\r\n<ul><!-- wp:list-item -->\r\n<li>meet your peers - without friends, studying is hard!<\/li>\r\n<!-- \/wp:list-item -->\r\n\r\n<!-- wp:list-item -->\r\n<li>get to know the unis facilities - so that you can find your way around!<\/li>\r\n<!-- \/wp:list-item -->\r\n\r\n<!-- wp:list-item -->\r\n<li>take away the panic - we are all just humans!<\/li>\r\n<!-- \/wp:list-item -->\r\n\r\n<!-- wp:list-item -->\r\n<li>answering you questions - so that you are well prepared!<\/li>\r\n<!-- \/wp:list-item -->\r\n\r\n<!-- wp:list-item -->\r\n<li>have fun - of course!<\/li>\r\n<!-- \/wp:list-item --><\/ul>\r\n<!-- \/wp:list -->\r\n\r\n<!-- wp:paragraph -->\r\n<p>During OU you will meet peers of higher semesters who will tell you anything you need to know. We will show you the campus and you will have plenty of time to get to know your peers.<\/p>\r\n<!-- \/wp:paragraph -->\r\n\r\n<!-- wp:spacer {\"height\":\"var:preset|spacing|40\"} -->\r\n<div style=\"height:var(--wp--preset--spacing--40)\" aria-hidden=\"true\" class=\"wp-block-spacer\"><\/div>\r\n<!-- \/wp:spacer -->\r\n\r\n<!-- wp:heading -->\r\n<h2 class=\"wp-block-heading\">Winter Semester 2025\/2026<\/h2>\r\n<!-- \/wp:heading -->\r\n\r\n<!-- wp:paragraph -->\r\n<p> For all information regarding the master orientation unit for the summer semester 2025 check out this: <a href=\"https:\/\/oe.fachschaft.info\/en\/master\/\/\">Master Orientation Unit 2025\/2026<\/a> <\/p>\r\n<!-- \/wp:paragraph -->\r\n\r\n<!-- wp:heading -->\r\n<h2 class=\"wp-block-heading\">Summer Semester 2025<\/h2>\r\n<!-- \/wp:heading -->\r\n\r\n<!-- wp:paragraph -->\r\n<p> For all information regarding the master orientation unit for the summer semester 2025 check out this: <a href=\"https:\/\/www.fachschaft.info\/2025\/03\/28\/master-orientation-unit-2025\/\">Master Orientation Unit 2025<\/a> <\/p>\r\n<!-- \/wp:paragraph -->","_en_post_name":"orientierungseinheit","_en_post_excerpt":"","_en_post_title":"Orientation Unit","edit_language":"en","footnotes":""},"class_list":["post-142","page","type-page","status-publish","hentry"],"_links":{"self":[{"href":"https:\/\/www.fachschaft.info\/en\/wp-json\/wp\/v2\/pages\/142","targetHints":{"allow":["GET"]}}],"collection":[{"href":"https:\/\/www.fachschaft.info\/en\/wp-json\/wp\/v2\/pages"}],"about":[{"href":"https:\/\/www.fachschaft.info\/en\/wp-json\/wp\/v2\/types\/page"}],"author":[{"embeddable":true,"href":"https:\/\/www.fachschaft.info\/en\/wp-json\/wp\/v2\/users\/2"}],"replies":[{"embeddable":true,"href":"https:\/\/www.fachschaft.info\/en\/wp-json\/wp\/v2\/comments?post=142"}],"version-history":[{"count":32,"href":"https:\/\/www.fachschaft.info\/en\/wp-json\/wp\/v2\/pages\/142\/revisions"}],"predecessor-version":[{"id":5147,"href":"https:\/\/www.fachschaft.info\/en\/wp-json\/wp\/v2\/pages\/142\/revisions\/5147"}],"up":[{"embeddable":true,"href":"https:\/\/www.fachschaft.info\/en\/wp-json\/wp\/v2\/pages\/118"}],"wp:attachment":[{"href":"https:\/\/www.fachschaft.info\/en\/wp-json\/wp\/v2\/media?parent=142"}],"curies":[{"name":"wp","href":"https:\/\/api.w.org\/{rel}","templated":true}]}}