{"id":140,"date":"2018-01-22T12:00:25","date_gmt":"2018-01-22T11:00:25","guid":{"rendered":"https:\/\/fs.archer.theus.name\/?page_id=140"},"modified":"2022-04-21T18:58:20","modified_gmt":"2022-04-21T16:58:20","slug":"computer-science-bachelor","status":"publish","type":"page","link":"https:\/\/www.fachschaft.info\/en\/studienbeginn\/computer-science-bachelor\/","title":{"rendered":"Computer Science Bachelor","raw":"Computer Science Bachelor"},"content":{"rendered":"<p>Since the Computer Science Bachelor is held in german, this information is only avaliable in <a href=\"https:\/\/www.fachschaft.info\/studienbeginn\/informatik-bachelor-pflichtmodule\/\">german.<\/a><\/p>\n","protected":false,"raw":"<p>Since the Computer Science Bachelor is held in german, this information is only avaliable in <a href=\"https:\/\/www.fachschaft.info\/studienbeginn\/informatik-bachelor-pflichtmodule\/\">german.<\/a><\/p>"},"excerpt":{"rendered":"","protected":false,"raw":""},"author":2,"featured_media":0,"parent":118,"menu_order":2,"comment_status":"closed","ping_status":"closed","template":"","meta":{"_de_post_content":"<p>In diesem Artikel m\u00f6chten wir dir einen kleinen \u00dcberblick \u00fcber die Module geben, die jeder Informatik-Bachelorstudent machen muss. Mit dabei immer die bisherigen Dozenten. Dazu kommen nat\u00fcrlich noch die Wahlpflichtmodule, das w\u00fcrde hier aber zu un\u00fcbersichtlich. Einen Vorschlag eines Studienverlaufsplans mit Wahlpflichtmodulen sowie weitere Infos zu dem Thema findest du in unserer <a href=\"https:\/\/www.fachschaft.info\/studienbeginn\/inform\/\">aktuellen Inform<\/a>. Von vielen Dozenten gibt es zu den Klausuren aus den Vorjahren <a href=\"https:\/\/www.fachschaft.info\/service\/pruefungsprotokolle\/\">Pr\u00fcfungsprotokolle<\/a> in der Fachschaft. Schaut einfach mal vorbei!<\/p>\r\n<!-- \/wp:paragraph -->\r\n\r\n<!-- wp:heading -->\r\n<h2 id=\"semester\">1. Semester<\/h2>\r\n<!-- \/wp:heading -->\r\n\r\n<!-- wp:heading {\"level\":3} -->\r\n<h3 id=\"logik_und_diskrete_strukturen\">Logik und diskrete Strukturen (9 LP)<\/h3>\r\n<!-- \/wp:heading -->\r\n\r\n<!-- wp:paragraph -->\r\n<p><em>Regelm\u00e4\u00dfige Dozenten: Prof. Heiko R\u00f6glin, Priv.-Doz. Dr. Elmar Langetepe<br \/><\/em><\/p>\r\n<!-- \/wp:paragraph -->\r\n\r\n<!-- wp:paragraph -->\r\n<p>Nach einer Einf\u00fchrung in die formale Logik wird der Fokus im zweiten Teil der Veranstaltung auf formale Beweistechniken gelegt. Im letzten Abschnitt dann werden die Grundlagen formaler Berechenbarkeit besprochen.<\/p>\r\n<!-- \/wp:paragraph -->\r\n\r\n<!-- wp:heading {\"level\":3} -->\r\n<h3 id=\"technische_informatik\">Technische Informatik (9 LP)<\/h3>\r\n<!-- \/wp:heading -->\r\n\r\n<!-- wp:paragraph -->\r\n<p><em>Regelm\u00e4\u00dfige Dozenten: Prof. Joachim K. Anlauf<\/em><\/p>\r\n<!-- \/wp:paragraph -->\r\n\r\n<!-- wp:paragraph -->\r\n<p>In diesem Modul wird ausgehend von einfachen logischen Schaltungen der technische Aufbau eines Computers erkl\u00e4rt. Man lernt alles wichtige \u00fcber Schaltnetze und Schaltwerke und wie man eine logische Funktion mittels KV-Diagrammen und Quine McCluskey optimieren kann.<\/p>\r\n<!-- \/wp:paragraph -->\r\n\r\n<!-- wp:heading {\"level\":3} -->\r\n<h3 id=\"algorithmen_und_imperative_programmierung\">Algorithmen und Programmierung (9 LP)<\/h3>\r\n<!-- \/wp:heading -->\r\n\r\n<!-- wp:paragraph -->\r\n<p><em>Regelm\u00e4\u00dfige Dozenten:\u00a0 Dr. Felix Boes<\/em><\/p>\r\n<p>Hier erlangt ihr eure ersten Programmierkenntnisse. Mit Grundlagen in C und Java lernt ihr Datenstrukturen und Konzepte wie Speicherverwaltung und Objektorientierung kennen.<\/p>\r\n<!-- \/wp:paragraph -->\r\n\r\n<!-- wp:paragraph --><!-- \/wp:paragraph -->\r\n\r\n<!-- wp:heading -->\r\n<h2 id=\"semester1\">2. Semester<\/h2>\r\n<!-- \/wp:heading -->\r\n\r\n<!-- wp:heading {\"level\":3} -->\r\n<h3 id=\"techniken_des_wissenschaftlichen_arbeitens\">Lineare Algebra (9 LP)<\/h3>\r\n<!-- \/wp:heading -->\r\n\r\n<!-- wp:paragraph -->\r\n<p><em>Regelm\u00e4\u00dfige Dozenten: Dr. Thoralf R\u00e4sch<\/em><\/p>\r\n<!-- \/wp:paragraph -->\r\n\r\n<!-- wp:paragraph -->\r\n<p>In diesem Modul wird der Stoff vertieft, den man vielleicht schon aus der Schule kennt: Vektoren, Matrizen, lineare Abh\u00e4ngigkeit, etc.<\/p>\r\n<!-- \/wp:paragraph -->\r\n\r\n<!-- wp:heading {\"level\":3} -->\r\n<h3 id=\"analysis\">Analysis (9 LP)<\/h3>\r\n<!-- \/wp:heading -->\r\n\r\n<!-- wp:paragraph -->\r\n<p><em>Regelm\u00e4\u00dfige Dozenten: Dr. Michael Welter<\/em><\/p>\r\n<!-- \/wp:paragraph -->\r\n\r\n<!-- wp:paragraph -->\r\n<p>Auch hier kommen viele Sachen dran, die man schon aus der Schule kennt: Funktionen, Grenzwerte, Minima, Maxima, etc.<\/p>\r\n<!-- \/wp:paragraph -->\r\n\r\n<!-- wp:heading {\"level\":3} -->\r\n<h3 id=\"systemnahe_informatik\">Systemnahe Informatik (6 LP)<\/h3>\r\n<!-- \/wp:heading -->\r\n\r\n<!-- wp:paragraph -->\r\n<p><em>Regelm\u00e4\u00dfige Dozenten: Prof. Peter Martini, Dr. Matthias Frank<br \/><\/em><\/p>\r\n<!-- \/wp:paragraph -->\r\n\r\n<!-- wp:paragraph -->\r\n<p>Basierend auf den Inhalten der technischen Informatik geht es hier um alle Dinge, die mit einem Betriebssystem zu tun haben. Nebenbei lernt man auch wichtige Grundlagen der Funktionsweise von Netzwerken und dem Internet.<\/p>\r\n<!-- \/wp:paragraph -->\r\n\r\n<!-- wp:heading {\"level\":3} -->\r\n<h3 id=\"objektorientierte_programmierung\">Praktikum: Objektorientierte Programmierung (6 LP)<\/h3>\r\n<!-- \/wp:heading -->\r\n\r\n<!-- wp:paragraph -->\r\n<p><em>Regelm\u00e4\u00dfige Dozenten: Dr. Felix Boes<\/em><\/p>\r\n<!-- \/wp:paragraph -->\r\n\r\n<!-- wp:paragraph -->\r\n<p>Aufbauend auf den Inhalten von Algorithmen und Programmierung vertieft ihr hier eure Programmierkenntnisse in Objektorientierter Programmierung indem ihr in kleinen Gruppen ein Programmierprojekte bearbeitet.<\/p>\r\n<!-- \/wp:paragraph -->\r\n\r\n<!-- wp:heading -->\r\n<h2 id=\"semester2\">3. Semester<\/h2>\r\n<!-- \/wp:heading -->\r\n\r\n<!-- wp:heading {\"level\":3} --><!-- \/wp:paragraph -->\r\n\r\n<!-- wp:heading {\"level\":3} -->\r\n<h3 id=\"algorithmen_und_berechnungskomplexitaet_i\">Algorithmen und Berechnungskomplexit\u00e4t I (9 LP)<\/h3>\r\n<!-- \/wp:heading -->\r\n\r\n<!-- wp:paragraph -->\r\n<p><em>Regelm\u00e4\u00dfige Dozenten: Prof. Heiko R\u00f6glin, Priv.-Doz. Dr. Elmar Langetepe, Prof. Thomas Kesselheim <\/em><\/p>\r\n<!-- \/wp:paragraph -->\r\n\r\n<!-- wp:paragraph -->\r\n<p>Nach diversen praktischen Modulen lernt ihr im dritten Semester die theoretische Seite der Informatik kennen. Ihr lernt u.a. Klassiker aus den Bereichen der Such- Graphen- und Flussalgorithmen kennen und werdet deren Korrektheit und Laufzeit beweisen.<\/p>\r\n<h3 id=\"softwaretechnologie\">Softwaretechnologie (6 LP)<\/h3>\r\n<!-- \/wp:heading -->\r\n\r\n<!-- wp:paragraph -->\r\n<p><em>Regelm\u00e4\u00dfige Dozenten: Dr. G\u00fcnter Kniesel-W\u00fcnsche<\/em><\/p>\r\n<p>Die Softwaretechnologie bringt euch bei, wie man Programmierprojekte organisiert. Es geht um UML-Diagramme und Programmingpatterns, aber auch Konzepte wie Testing und Design-Modelle.<\/p>\r\n<p><!-- \/wp:paragraph -->\r\n\r\n<!-- wp:heading {\"level\":3} --><\/p>\r\n<h3 id=\"systemnahe_programmierung\">Datenzentrierte Informatik (6 LP)<\/h3>\r\n<h3><!-- \/wp:heading -->\r\n\r\n<!-- wp:paragraph --><\/h3>\r\n<p><em>Regelm\u00e4\u00dfige Dozenten: Prof. Elena Demidova<\/em><\/p>\r\n<h3 id=\"angewandte_mathematik\">Angewandte Mathematik (6 LP)<\/h3>\r\n<p><!-- \/wp:heading -->\r\n\r\n<!-- wp:paragraph --><\/p>\r\n<p><em>Regelm\u00e4\u00dfige Dozenten: Prof. Reinhard Klein <\/em><\/p>\r\n<p><!-- \/wp:paragraph -->\r\n\r\n<!-- wp:paragraph --><\/p>\r\n<p>Aufbauend auf den Inhalten der Linearen Algebra und Analysis geht es hier um die drei Kernbereiche Wahrscheinlichkeitstheorie, Analysis im Mehrdimensionalen und Numerische Lineare Algebra.<\/p>\r\n<p>Es besteht die Wahl zwischen\u00a0<em>Numerik\u00a0<\/em>im 3. oder <em>Stochastik <\/em>im 4. Semester.<\/p>\r\n<!-- \/wp:paragraph -->\r\n\r\n<!-- wp:heading {\"level\":3} --><!-- \/wp:paragraph -->\r\n\r\n<!-- wp:heading -->\r\n<h2 id=\"semester3\">4. Semester<\/h2>\r\n<h3 id=\"techniken_des_wissenschaftlichen_arbeitens\">Techniken des wissenschaftlichen Arbeitens (4 LP)<\/h3>\r\n<p><!-- \/wp:heading -->\r\n\r\n<!-- wp:paragraph --><\/p>\r\n<p><em>Regelm\u00e4\u00dfige Dozenten: Dr. Nils Goerke, Dr. Volker Steinhage Modul soll im 2. oder 4. Semester geh\u00f6rt werden<\/em><\/p>\r\n<p><!-- \/wp:paragraph -->\r\n\r\n<!-- wp:paragraph --><\/p>\r\n<p>In \u201eTechniken des wissenschaftlichen Arbeitens\u201c geht es - wie der Name vermuten l\u00e4sst - um wissenschaftliches Arbeiten. Dies umfasst die Recherche von Texten, sowie die Erstellung von Texten und Pr\u00e4sentationen. Dabei lernt man z.B. auch das Textformatierungssystem LaTeX kennen.<\/p>\r\n<p><!-- \/wp:paragraph -->\r\n\r\n<!-- wp:heading {\"level\":3} --><\/p>\r\n<h3 id=\"algorithmen_und_berechnungskomplexitaet_ii\">Algorithmen und Berechnungskomplexit\u00e4t II (6 LP)<\/h3>\r\n<p><!-- \/wp:heading -->\r\n\r\n<!-- wp:paragraph --><\/p>\r\n<p><em>Regelm\u00e4\u00dfige Dozenten: Professor Heiko R\u00f6glin, Priv.-Doz. Dr. Elmar Langetepe <\/em><\/p>\r\n<p><!-- \/wp:paragraph -->\r\n\r\n<!-- wp:paragraph --><\/p>\r\n<p>Neben Turing-Maschinen und diversen Automatenmodellen geht es um die Komplexit\u00e4t und Laufzeit von Algorithmen.<\/p>\r\n<p><!-- \/wp:paragraph -->\r\n\r\n<!-- wp:paragraph --><\/p>\r\n<p>&nbsp;<\/p>\r\n<p>&nbsp;<\/p>\r\n<h3 id=\"softwaretechnologie\">\u00a0<\/h3>\r\n<p>&nbsp;<\/p>\r\n<!-- \/wp:heading -->\r\n\r\n<!-- wp:heading {\"level\":3} --><!-- \/wp:paragraph -->","_de_post_name":"informatik-bachelor-pflichtmodule","_de_post_excerpt":"","_de_post_title":"Informatik-Bachelor-Pflichtmodule","_en_post_content":"<p>Since the Computer Science Bachelor is held in german, this information is only avaliable in <a href=\"https:\/\/www.fachschaft.info\/studienbeginn\/informatik-bachelor-pflichtmodule\/\">german.<\/a><\/p>","_en_post_name":"computer-science-bachelor","_en_post_excerpt":"","_en_post_title":"Computer Science Bachelor","edit_language":"en","footnotes":""},"class_list":["post-140","page","type-page","status-publish","hentry"],"_links":{"self":[{"href":"https:\/\/www.fachschaft.info\/en\/wp-json\/wp\/v2\/pages\/140","targetHints":{"allow":["GET"]}}],"collection":[{"href":"https:\/\/www.fachschaft.info\/en\/wp-json\/wp\/v2\/pages"}],"about":[{"href":"https:\/\/www.fachschaft.info\/en\/wp-json\/wp\/v2\/types\/page"}],"author":[{"embeddable":true,"href":"https:\/\/www.fachschaft.info\/en\/wp-json\/wp\/v2\/users\/2"}],"replies":[{"embeddable":true,"href":"https:\/\/www.fachschaft.info\/en\/wp-json\/wp\/v2\/comments?post=140"}],"version-history":[{"count":24,"href":"https:\/\/www.fachschaft.info\/en\/wp-json\/wp\/v2\/pages\/140\/revisions"}],"predecessor-version":[{"id":2264,"href":"https:\/\/www.fachschaft.info\/en\/wp-json\/wp\/v2\/pages\/140\/revisions\/2264"}],"up":[{"embeddable":true,"href":"https:\/\/www.fachschaft.info\/en\/wp-json\/wp\/v2\/pages\/118"}],"wp:attachment":[{"href":"https:\/\/www.fachschaft.info\/en\/wp-json\/wp\/v2\/media?parent=140"}],"curies":[{"name":"wp","href":"https:\/\/api.w.org\/{rel}","templated":true}]}}