{"id":134,"date":"2018-01-22T11:46:53","date_gmt":"2018-01-22T10:46:53","guid":{"rendered":"https:\/\/fs.archer.theus.name\/?page_id=134"},"modified":"2025-03-04T22:05:58","modified_gmt":"2025-03-04T21:05:58","slug":"mailing-lists","status":"publish","type":"page","link":"https:\/\/www.fachschaft.info\/en\/service\/mailing-lists\/","title":{"rendered":"Mailing lists","raw":"Mailing lists"},"content":{"rendered":"<p>We&#8217;re using the <a class=\"urlextern\" title=\"https:\/\/listen.uni-bonn.de\/wws\" href=\"https:\/\/listen.uni-bonn.de\/wws\" target=\"_blank\" rel=\"noopener\">mailing list server of the University of Bonn<\/a> and offer you the following lists there:<\/p>\n<ul>\n<li><a class=\"urlextern\" title=\"https:\/\/listen.uni-bonn.de\/wws\/info\/fsnews-info\" href=\"https:\/\/listen.uni-bonn.de\/wws\/info\/fsnews-info\" target=\"_blank\" rel=\"noopener\">fs-news<\/a> \u2013 Get the hottest news of our work. (<a class=\"urlextern\" title=\"https:\/\/listen.uni-bonn.de\/wws\/subscribe\/fsnews-info\" href=\"https:\/\/listen.uni-bonn.de\/wws\/subscribe\/fsnews-info\" target=\"_blank\" rel=\"noopener\">subscribe<\/a>)<\/li>\n<li><a href=\"https:\/\/listen.uni-bonn.de\/wws\/info\/engel-fsinfo\">engel<\/a> &#8211; For everyone who wants to help non-committally, e.g. at our events. (<a href=\"https:\/\/listen.uni-bonn.de\/wws\/subscribe\/engel-fsinfo\">subscribe<\/a>)<\/li>\n<li><a class=\"urlextern\" title=\"https:\/\/listen.uni-bonn.de\/wws\/info\/jobboerse-fsinfo\" href=\"https:\/\/listen.uni-bonn.de\/wws\/info\/jobboerse-fsinfo\" target=\"_blank\" rel=\"noopener\">jobboerse<\/a> \u2013 Receive job offers. (<a class=\"urlextern\" title=\"https:\/\/sympa.fachschaft.info\/wws\/subscribe\/studienboerse\" href=\"https:\/\/listen.uni-bonn.de\/wws\/info\/jobboerse-fsinfo\" target=\"_blank\" rel=\"noopener\">subscribe<\/a>)<\/li>\n<li><a class=\"urlextern\" title=\"https:\/\/sympa.fachschaft.info\/wws\/info\/studienboerse\" href=\"https:\/\/listen.uni-bonn.de\/wws\/info\/studienboerse-fsinfo\" target=\"_blank\" rel=\"noopener\">studienboerse<\/a> \u2013 Obtain offers for studies. (<a class=\"urlextern\" title=\"https:\/\/sympa.fachschaft.info\/wws\/subscribe\/studienboerse\" href=\"https:\/\/listen.uni-bonn.de\/wws\/info\/studienboerse-fsinfo\" target=\"_blank\" rel=\"noopener\">subscribe<\/a>)<\/li>\n<li><a class=\"urlextern\" title=\"https:\/\/listen.uni-bonn.de\/wws\/info\/eventboerse-fsinfo\" href=\"https:\/\/listen.uni-bonn.de\/wws\/info\/eventboerse-fsinfo\" target=\"_blank\" rel=\"noopener\">eventboerse<\/a> &#8211; Get invitations to (external) events. (<a href=\"https:\/\/listen.uni-bonn.de\/wws\/info\/eventboerse-fsinfo\">subscribe<\/a>)<\/li>\n<li><a class=\"urlextern\" title=\"https:\/\/listen.uni-bonn.de\/wws\/info\/praktikumsboerse-fsinfo\" href=\"https:\/\/listen.uni-bonn.de\/wws\/info\/praktikumsboerse-fsinfo\" target=\"_blank\" rel=\"noopener\">praktikumsb\u00f6rse<\/a> &#8211; Get offers for internships. (<a class=\"urlextern\" title=\"https:\/\/listen.uni-bonn.de\/wws\/subscribe\/eventboerse-fsinfo\" href=\"https:\/\/listen.uni-bonn.de\/wws\/subscribe\/praktikumsboerse-fsinfo?previous_action=info\" target=\"_blank\" rel=\"noopener\">abbonieren<\/a>)<\/li>\n<\/ul>\n<p>Important: After you have subscribed to one of these mailing lists, you will first receive a confirmation email. In this email you must click on the link AND then confirm your subscription again on the website that opens.<\/p>\n<p>Moreover, we recommend you to check out the mailing list of <a href=\"https:\/\/www.informatik.uni-bonn.de\/en\/institute\/equality\/equality\">GIDIS<\/a> (working group for equality at our institute):<\/p>\n<ul>\n<li><a href=\"https:\/\/lists.iai.uni-bonn.de\/mailman\/listinfo.cgi\/gidis-news\">gidis-news<\/a> &#8211; Receive invitations to equality events (partially open for all genders) and all news from GIDIS&#8217; initiative towards more equality.<\/li>\n<\/ul>\n","protected":false,"raw":"We're using the <a class=\"urlextern\" title=\"https:\/\/listen.uni-bonn.de\/wws\" href=\"https:\/\/listen.uni-bonn.de\/wws\" target=\"_blank\" rel=\"noopener\">mailing list server of the University of Bonn<\/a> and offer you the following lists there:\r\n<ul>\r\n \t<li><a class=\"urlextern\" title=\"https:\/\/listen.uni-bonn.de\/wws\/info\/fsnews-info\" href=\"https:\/\/listen.uni-bonn.de\/wws\/info\/fsnews-info\" target=\"_blank\" rel=\"noopener\">fs-news<\/a> \u2013 Get the hottest news of our work. (<a class=\"urlextern\" title=\"https:\/\/listen.uni-bonn.de\/wws\/subscribe\/fsnews-info\" href=\"https:\/\/listen.uni-bonn.de\/wws\/subscribe\/fsnews-info\" target=\"_blank\" rel=\"noopener\">subscribe<\/a>)<\/li>\r\n \t<li><a href=\"https:\/\/listen.uni-bonn.de\/wws\/info\/engel-fsinfo\">engel<\/a> - For everyone who wants to help non-committally, e.g. at our events. (<a href=\"https:\/\/listen.uni-bonn.de\/wws\/subscribe\/engel-fsinfo\">subscribe<\/a>)<\/li>\r\n \t<li><a class=\"urlextern\" title=\"https:\/\/listen.uni-bonn.de\/wws\/info\/jobboerse-fsinfo\" href=\"https:\/\/listen.uni-bonn.de\/wws\/info\/jobboerse-fsinfo\" target=\"_blank\" rel=\"noopener\">jobboerse<\/a> \u2013 Receive job offers. (<a class=\"urlextern\" title=\"https:\/\/sympa.fachschaft.info\/wws\/subscribe\/studienboerse\" href=\"https:\/\/listen.uni-bonn.de\/wws\/info\/jobboerse-fsinfo\" target=\"_blank\" rel=\"noopener\">subscribe<\/a>)<\/li>\r\n \t<li><a class=\"urlextern\" title=\"https:\/\/sympa.fachschaft.info\/wws\/info\/studienboerse\" href=\"https:\/\/listen.uni-bonn.de\/wws\/info\/studienboerse-fsinfo\" target=\"_blank\" rel=\"noopener\">studienboerse<\/a> \u2013 Obtain offers for studies. (<a class=\"urlextern\" title=\"https:\/\/sympa.fachschaft.info\/wws\/subscribe\/studienboerse\" href=\"https:\/\/listen.uni-bonn.de\/wws\/info\/studienboerse-fsinfo\" target=\"_blank\" rel=\"noopener\">subscribe<\/a>)<\/li>\r\n \t<li><a class=\"urlextern\" title=\"https:\/\/listen.uni-bonn.de\/wws\/info\/eventboerse-fsinfo\" href=\"https:\/\/listen.uni-bonn.de\/wws\/info\/eventboerse-fsinfo\" target=\"_blank\" rel=\"noopener\">eventboerse<\/a> - Get invitations to (external) events. (<a href=\"https:\/\/listen.uni-bonn.de\/wws\/info\/eventboerse-fsinfo\">subscribe<\/a>)<\/li>\r\n \t<li><a class=\"urlextern\" title=\"https:\/\/listen.uni-bonn.de\/wws\/info\/praktikumsboerse-fsinfo\" href=\"https:\/\/listen.uni-bonn.de\/wws\/info\/praktikumsboerse-fsinfo\" target=\"_blank\" rel=\"noopener\">praktikumsb\u00f6rse<\/a> - Get offers for internships. (<a class=\"urlextern\" title=\"https:\/\/listen.uni-bonn.de\/wws\/subscribe\/eventboerse-fsinfo\" href=\"https:\/\/listen.uni-bonn.de\/wws\/subscribe\/praktikumsboerse-fsinfo?previous_action=info\" target=\"_blank\" rel=\"noopener\">abbonieren<\/a>)<\/li>\r\n<\/ul>\r\nImportant: After you have subscribed to one of these mailing lists, you will first receive a confirmation email. In this email you must click on the link AND then confirm your subscription again on the website that opens.\r\n\r\nMoreover, we recommend you to check out the mailing list of <a href=\"https:\/\/www.informatik.uni-bonn.de\/en\/institute\/equality\/equality\">GIDIS<\/a> (working group for equality at our institute):\r\n<ul>\r\n \t<li><a href=\"https:\/\/lists.iai.uni-bonn.de\/mailman\/listinfo.cgi\/gidis-news\">gidis-news<\/a> - Receive invitations to equality events (partially open for all genders) and all news from GIDIS' initiative towards more equality.<\/li>\r\n<\/ul>"},"excerpt":{"rendered":"","protected":false,"raw":""},"author":2,"featured_media":0,"parent":85,"menu_order":12,"comment_status":"closed","ping_status":"closed","template":"","meta":{"_de_post_content":"<div class=\"level1\">\r\n\r\nDie Fachschaft benutzt den <a class=\"urlextern\" title=\"https:\/\/listen.uni-bonn.de\/wws\" href=\"https:\/\/listen.uni-bonn.de\/wws\" target=\"_blank\" rel=\"noopener\">Mailinglisten-Server der Uni Bonn<\/a>, und bietet dort die folgenden Listen an:\r\n<ul>\r\n \t<li><a class=\"urlextern\" title=\"https:\/\/listen.uni-bonn.de\/wws\/info\/fsnews-info\" href=\"https:\/\/listen.uni-bonn.de\/wws\/info\/fsnews-info\" target=\"_blank\" rel=\"noopener\">fs-news<\/a> - Mailingliste mit aktuellen News zur Fachschaftsarbeit. (<a class=\"urlextern\" title=\"https:\/\/listen.uni-bonn.de\/wws\/subscribe\/fsnews-info\" href=\"https:\/\/listen.uni-bonn.de\/wws\/subscribe\/fsnews-info\" target=\"_blank\" rel=\"noopener\">abonnieren<\/a>)<\/li>\r\n \t<li><a href=\"https:\/\/listen.uni-bonn.de\/wws\/info\/engel-fsinfo\">engel<\/a> - Verteiler f\u00fcr alle, die gerne unverbindlich helfen wollen. (<a href=\"https:\/\/listen.uni-bonn.de\/wws\/subscribe\/engel-fsinfo\">abonnieren<\/a>)<\/li>\r\n \t<li><a class=\"urlextern\" title=\"https:\/\/listen.uni-bonn.de\/wws\/info\/jobboerse-fsinfo\" href=\"https:\/\/listen.uni-bonn.de\/wws\/info\/jobboerse-fsinfo\" target=\"_blank\" rel=\"noopener\">jobboerse<\/a> - Verteiler f\u00fcr eingehende Jobangebote. (<a class=\"urlextern\" title=\"https:\/\/listen.uni-bonn.de\/wws\/subscribe\/jobboerse-fsinfo\" href=\"https:\/\/listen.uni-bonn.de\/wws\/subscribe\/jobboerse-fsinfo\" target=\"_blank\" rel=\"noopener\">abonnieren<\/a>)<\/li>\r\n \t<li><a class=\"urlextern\" title=\"https:\/\/sympa.fachschaft.info\/wws\/info\/studienboerse\" href=\"https:\/\/listen.uni-bonn.de\/wws\/info\/studienboerse-fsinfo\" target=\"_blank\" rel=\"noopener\">studienboerse<\/a> - Verteiler f\u00fcr eingehende Studien. (<a class=\"urlextern\" title=\"https:\/\/sympa.fachschaft.info\/wws\/subscribe\/studienboerse\" href=\"https:\/\/listen.uni-bonn.de\/wws\/subscribe\/studienboerse-fsinfo\" target=\"_blank\" rel=\"noopener\">abonnieren<\/a>)<\/li>\r\n \t<li><a class=\"urlextern\" title=\"https:\/\/listen.uni-bonn.de\/wws\/info\/eventboerse-fsinfo\" href=\"https:\/\/listen.uni-bonn.de\/wws\/info\/eventboerse-fsinfo\" target=\"_blank\" rel=\"noopener\">eventboerse<\/a> - Verteiler f\u00fcr Veranstaltungen und Events. (<a class=\"urlextern\" title=\"https:\/\/listen.uni-bonn.de\/wws\/subscribe\/eventboerse-fsinfo\" href=\"https:\/\/listen.uni-bonn.de\/wws\/subscribe\/eventboerse-fsinfo\" target=\"_blank\" rel=\"noopener\">abonnieren<\/a>)<\/li>\r\n \t<li><a class=\"urlextern\" title=\"https:\/\/listen.uni-bonn.de\/wws\/info\/praktikumsboerse-fsinfo\" href=\"https:\/\/listen.uni-bonn.de\/wws\/info\/praktikumsboerse-fsinfo\" target=\"_blank\" rel=\"noopener\">praktikumsb\u00f6rse<\/a> - Verteiler f\u00fcr Praktikumsangebote. (<a class=\"urlextern\" title=\"https:\/\/listen.uni-bonn.de\/wws\/subscribe\/eventboerse-fsinfo\" href=\"https:\/\/listen.uni-bonn.de\/wws\/subscribe\/praktikumsboerse-fsinfo?previous_action=info\" target=\"_blank\" rel=\"noopener\">abonnieren<\/a>)<\/li>\r\n<\/ul>\r\nWichtig: Nachdem du dich f\u00fcr eine dieser Mailinglisten eingetragen hast, bekommst du zun\u00e4chst eine Best\u00e4tigungsmail. In dieser musst du auf den Link klicken UND anschlie\u00dfend auf der sich \u00f6ffnenden Website nochmal dein Abonnement best\u00e4tigen.\r\n\r\nWir empfehlen au\u00dferdem die Mailinglisten von <a href=\"https:\/\/www.informatik.uni-bonn.de\/de\/ueber-uns\/gleichstellung\/gleichstellung\">GIDIS<\/a> (Arbeitsgruppe f\u00fcr Gleichstellungsarbeit am Institut):\r\n<ul>\r\n \t<li><a href=\"https:\/\/lists.iai.uni-bonn.de\/mailman\/listinfo.cgi\/gidis-news\">gidis-news<\/a> - Verteiler f\u00fcr Vernetzungsevents (z.T. f\u00fcr alle Geschlechter) und News aus der Gleichstellungsarbeit.<\/li>\r\n<\/ul>\r\n<\/div>","_de_post_name":"mailinglisten","_de_post_excerpt":"","_de_post_title":"Mailinglisten","_en_post_content":"We're using the <a class=\"urlextern\" title=\"https:\/\/listen.uni-bonn.de\/wws\" href=\"https:\/\/listen.uni-bonn.de\/wws\" target=\"_blank\" rel=\"noopener\">mailing list server of the University of Bonn<\/a> and offer you the following lists there:\r\n<ul>\r\n \t<li><a class=\"urlextern\" title=\"https:\/\/listen.uni-bonn.de\/wws\/info\/fsnews-info\" href=\"https:\/\/listen.uni-bonn.de\/wws\/info\/fsnews-info\" target=\"_blank\" rel=\"noopener\">fs-news<\/a> \u2013 Get the hottest news of our work. (<a class=\"urlextern\" title=\"https:\/\/listen.uni-bonn.de\/wws\/subscribe\/fsnews-info\" href=\"https:\/\/listen.uni-bonn.de\/wws\/subscribe\/fsnews-info\" target=\"_blank\" rel=\"noopener\">subscribe<\/a>)<\/li>\r\n \t<li><a href=\"https:\/\/listen.uni-bonn.de\/wws\/info\/engel-fsinfo\">engel<\/a> - For everyone who wants to help non-committally, e.g. at our events. (<a href=\"https:\/\/listen.uni-bonn.de\/wws\/subscribe\/engel-fsinfo\">subscribe<\/a>)<\/li>\r\n \t<li><a class=\"urlextern\" title=\"https:\/\/listen.uni-bonn.de\/wws\/info\/jobboerse-fsinfo\" href=\"https:\/\/listen.uni-bonn.de\/wws\/info\/jobboerse-fsinfo\" target=\"_blank\" rel=\"noopener\">jobboerse<\/a> \u2013 Receive job offers. (<a class=\"urlextern\" title=\"https:\/\/sympa.fachschaft.info\/wws\/subscribe\/studienboerse\" href=\"https:\/\/listen.uni-bonn.de\/wws\/info\/jobboerse-fsinfo\" target=\"_blank\" rel=\"noopener\">subscribe<\/a>)<\/li>\r\n \t<li><a class=\"urlextern\" title=\"https:\/\/sympa.fachschaft.info\/wws\/info\/studienboerse\" href=\"https:\/\/listen.uni-bonn.de\/wws\/info\/studienboerse-fsinfo\" target=\"_blank\" rel=\"noopener\">studienboerse<\/a> \u2013 Obtain offers for studies. (<a class=\"urlextern\" title=\"https:\/\/sympa.fachschaft.info\/wws\/subscribe\/studienboerse\" href=\"https:\/\/listen.uni-bonn.de\/wws\/info\/studienboerse-fsinfo\" target=\"_blank\" rel=\"noopener\">subscribe<\/a>)<\/li>\r\n \t<li><a class=\"urlextern\" title=\"https:\/\/listen.uni-bonn.de\/wws\/info\/eventboerse-fsinfo\" href=\"https:\/\/listen.uni-bonn.de\/wws\/info\/eventboerse-fsinfo\" target=\"_blank\" rel=\"noopener\">eventboerse<\/a> - Get invitations to (external) events. (<a href=\"https:\/\/listen.uni-bonn.de\/wws\/info\/eventboerse-fsinfo\">subscribe<\/a>)<\/li>\r\n \t<li><a class=\"urlextern\" title=\"https:\/\/listen.uni-bonn.de\/wws\/info\/praktikumsboerse-fsinfo\" href=\"https:\/\/listen.uni-bonn.de\/wws\/info\/praktikumsboerse-fsinfo\" target=\"_blank\" rel=\"noopener\">praktikumsb\u00f6rse<\/a> - Get offers for internships. (<a class=\"urlextern\" title=\"https:\/\/listen.uni-bonn.de\/wws\/subscribe\/eventboerse-fsinfo\" href=\"https:\/\/listen.uni-bonn.de\/wws\/subscribe\/praktikumsboerse-fsinfo?previous_action=info\" target=\"_blank\" rel=\"noopener\">abbonieren<\/a>)<\/li>\r\n<\/ul>\r\nImportant: After you have subscribed to one of these mailing lists, you will first receive a confirmation email. In this email you must click on the link AND then confirm your subscription again on the website that opens.\r\n\r\nMoreover, we recommend you to check out the mailing list of <a href=\"https:\/\/www.informatik.uni-bonn.de\/en\/institute\/equality\/equality\">GIDIS<\/a> (working group for equality at our institute):\r\n<ul>\r\n \t<li><a href=\"https:\/\/lists.iai.uni-bonn.de\/mailman\/listinfo.cgi\/gidis-news\">gidis-news<\/a> - Receive invitations to equality events (partially open for all genders) and all news from GIDIS' initiative towards more equality.<\/li>\r\n<\/ul>","_en_post_name":"mailing-lists","_en_post_excerpt":"","_en_post_title":"Mailing lists","edit_language":"en","footnotes":""},"class_list":["post-134","page","type-page","status-publish","hentry"],"_links":{"self":[{"href":"https:\/\/www.fachschaft.info\/en\/wp-json\/wp\/v2\/pages\/134","targetHints":{"allow":["GET"]}}],"collection":[{"href":"https:\/\/www.fachschaft.info\/en\/wp-json\/wp\/v2\/pages"}],"about":[{"href":"https:\/\/www.fachschaft.info\/en\/wp-json\/wp\/v2\/types\/page"}],"author":[{"embeddable":true,"href":"https:\/\/www.fachschaft.info\/en\/wp-json\/wp\/v2\/users\/2"}],"replies":[{"embeddable":true,"href":"https:\/\/www.fachschaft.info\/en\/wp-json\/wp\/v2\/comments?post=134"}],"version-history":[{"count":37,"href":"https:\/\/www.fachschaft.info\/en\/wp-json\/wp\/v2\/pages\/134\/revisions"}],"predecessor-version":[{"id":4745,"href":"https:\/\/www.fachschaft.info\/en\/wp-json\/wp\/v2\/pages\/134\/revisions\/4745"}],"up":[{"embeddable":true,"href":"https:\/\/www.fachschaft.info\/en\/wp-json\/wp\/v2\/pages\/85"}],"wp:attachment":[{"href":"https:\/\/www.fachschaft.info\/en\/wp-json\/wp\/v2\/media?parent=134"}],"curies":[{"name":"wp","href":"https:\/\/api.w.org\/{rel}","templated":true}]}}