{"id":118,"date":"2017-10-18T22:03:48","date_gmt":"2017-10-18T20:03:48","guid":{"rendered":"https:\/\/fs.archer.theus.name\/?page_id=118"},"modified":"2025-10-09T14:02:13","modified_gmt":"2025-10-09T12:02:13","slug":"studienbeginn","status":"publish","type":"page","link":"https:\/\/www.fachschaft.info\/en\/studienbeginn\/","title":{"rendered":"Start of studies","raw":"Start of studies"},"content":{"rendered":"<p>Information on our Bachelor programs is only available in German <a href=\"https:\/\/www.fachschaft.info\/studienbeginn\/\">here<\/a>, as the programs are also in German.<\/p>\n<p>The program we offer in English is our Master of Science &#8211; Computer Science.<\/p>\n<h2>Master of Science &#8211; Computer Science<\/h2>\n<p>Our master is a research oriented program with an expected length of 4 semesters. There are no mandatory courses, but you have to choose one main track, where you have to take your lab, seminar and 18 additional Credit Points. The rest of your credit points can be put into the other tracks as you like. The four tracks are:<\/p>\n<ul>\n<li>Algorithmics<\/li>\n<li>Graphic, Vision and Audio<\/li>\n<li>Information and Communication Management<\/li>\n<li>Intelligent Systems<\/li>\n<\/ul>\n<p>Each of these tracks offers a variety of lectures, labs, seminars and thesis-opportunities. For a current overview of the available modules, take a look at the <a href=\"https:\/\/basis.uni-bonn.de\/qisserver\/pages\/cs\/sys\/portal\/pages\/cm\/exa\/coursecatalog\/showCourseCatalog.xhtml?_flowId=showCourseCatalog-flow&#038;_flowExecutionKey=e1s2\">course catalogue<\/a>.<\/p>\n<p>For further readings we highly recommend our freshmen magazine <a href=\"https:\/\/www.fachschaft.info\/en\/studienbeginn\/master-inform\/\">Inform<\/a>.<\/p>\n<p>If you are or will be an international student, check out the <a href=\"https:\/\/www.asta-bonn.de\/Referat_f%C3%BCr_internationale_Studierende\">International Students Department<\/a> of the AstA.<\/p>\n<p>More information can also be found on the website of the <a href=\"https:\/\/www.informatik.uni-bonn.de\/en\/for-students\/master-of-science-in-computer-science\">Institut for Computer Science.<\/a><\/p>\n","protected":false,"raw":"Information on our Bachelor programs is only available in German <a href=\"https:\/\/www.fachschaft.info\/studienbeginn\/\">here<\/a>, as the programs are also in German.\r\n\r\nThe program we offer in English is our Master of Science - Computer Science.\r\n<h2>Master of Science - Computer Science<\/h2>\r\nOur master is a research oriented program with an expected length of 4 semesters. There are no mandatory courses, but you have to choose one main track, where you have to take your lab, seminar and 18 additional Credit Points. The rest of your credit points can be put into the other tracks as you like. The four tracks are:\r\n<ul>\r\n \t<li>Algorithmics<\/li>\r\n \t<li>Graphic, Vision and Audio<\/li>\r\n \t<li>Information and Communication Management<\/li>\r\n \t<li>Intelligent Systems<\/li>\r\n<\/ul>\r\nEach of these tracks offers a variety of lectures, labs, seminars and thesis-opportunities. For a current overview of the available modules, take a look at the <a href=\"https:\/\/basis.uni-bonn.de\/qisserver\/pages\/cs\/sys\/portal\/pages\/cm\/exa\/coursecatalog\/showCourseCatalog.xhtml?_flowId=showCourseCatalog-flow&_flowExecutionKey=e1s2\">course catalogue<\/a>.\r\n\r\nFor further readings we highly recommend our freshmen magazine <a href=\"https:\/\/www.fachschaft.info\/en\/studienbeginn\/master-inform\/\">Inform<\/a>.\r\n\r\nIf you are or will be an international student, check out the <a href=\"https:\/\/www.asta-bonn.de\/Referat_f%C3%BCr_internationale_Studierende\">International Students Department<\/a> of the AstA.\r\n\r\nMore information can also be found on the website of the <a href=\"https:\/\/www.informatik.uni-bonn.de\/en\/for-students\/master-of-science-in-computer-science\">Institut for Computer Science.<\/a>"},"excerpt":{"rendered":"","protected":false,"raw":""},"author":2,"featured_media":0,"parent":0,"menu_order":0,"comment_status":"closed","ping_status":"closed","template":"","meta":{"_de_post_content":"Du interessierst dich f\u00fcr ein Informatik oder Cyber Security Studium - oder hast sogar schon beschlossen dich anzumelden? Super! In diesem Bereich gibt es jede Menge Infos rund um die Anmeldung, den Aufbau des Studiums, usw.\r\n\r\nNat\u00fcrlich l\u00e4sst sich nicht alles wichtige auf diese Seite schreiben. Deshalb bietet die Fachschaft f\u00fcr alle Erstis jedes Jahr eine Orientierungseinheit an. Dort erfahrt ihr alles Wichtige, was euch den Anfang des Studiums erleichtert.\r\n<h2>Wie sind die Bachelor-Studieng\u00e4nge aufgebaut?<\/h2>\r\n<h3>Bachelor of Science - Informatik<\/h3>\r\nDer Studiengang Informatik (B. Sc.) geht \u00fcber sechs Semester und besteht aus drei Bereichen:\r\n<ul>\r\n \t<li><em>Pflichtmodule<\/em> - dazu geh\u00f6rt auch eine Projektgruppe im f\u00fcnften Semester und die abschlie\u00dfende Bachelorarbeit, mehr Infos gibts <a href=\"https:\/\/www.fachschaft.info\/studienbeginn\/informatik-bachelor-pflichtmodule\/\">hier<\/a><\/li>\r\n \t<li><em>Fachgebundener Wahlpflichtbereich<\/em> - Hier kannst du (nahezu) beliebig Module aus verschiedenen Themengebieten der Informatik kombinieren<\/li>\r\n \t<li><em>Nicht-Fachgebundener Wahlpflichtbereich<\/em> - du kannst prinzipiell Module aus jedem Fach nehmen, das an der Uni Bonn gelehrt wird<\/li>\r\n<\/ul>\r\n<h3>Bachelor of Science - Cyber Security<\/h3>\r\nDer Studiengang Cyber Security (B. Sc.) geht \u00fcber sechs Semester und besteht aus drei Bereichen:\r\n<ul>\r\n \t<li><em>Pflichtmodule<\/em> - dazu geh\u00f6rt auch eine Projektgruppe im f\u00fcnften Semester, ein Pflichtpraktikum und die abschlie\u00dfende Bachelorarbeit, mehr Infos gibts <a href=\"https:\/\/www.fachschaft.info\/studienbeginn\/cyber-security-bachelor-pflichtmodule\/\">hier<\/a><\/li>\r\n \t<li><em>Fachgebundener Wahlpflichtbereich Cyber<\/em> - Hier kannst du aus verschiedenen weiterf\u00fchrenden Modulen in Cyber Security w\u00e4hlen<\/li>\r\n \t<li><em>Fachgebundener Wahlpflichtbereich Informatik<\/em> - Hier kannst du (nahezu) beliebig Module aus verschiedenen Themengebieten der Informatik kombinieren<\/li>\r\n \t<li><em>Nicht-Fachgebundener Wahlpflichtbereich<\/em> - du kannst prinzipiell Module aus jedem Fach nehmen, das an der Uni Bonn gelehrt wird<\/li>\r\n<\/ul>\r\n<h3>Polyvalenter Bachelorstudiengang - Informatik auf Lehramt<\/h3>\r\nDas Studium f\u00fcr Lehramt an Gymnasien und Gesamtschulen in Bonn hat ebenfalls eine Regelstudienzeit von sechs Semestern. Es umfasst einen Teil Informatik, einen Teil eines anderen Faches und einen allgemeinen, fachunabh\u00e4ngigen Teil. Der Informatikanteil beinhaltet:\r\n<ul>\r\n \t<li>Module aus dem Pflichtbereich des Bachelors Informatik (B. Sc.)<\/li>\r\n \t<li>Module aus dem Wahlpflichtbereich des Bachelors Informatik (B. Sc.)<\/li>\r\n \t<li>Fachspezifische Didaktik<\/li>\r\n<\/ul>\r\nGenauere Informationen zum Studienverlaufsplan und dem Modulplan f\u00fcr Lehr\u00e4mtler gibt es auf der Seite des <a href=\"https:\/\/www.bzl.uni-bonn.de\/studium\/studiengaenge\/bachelorstudiengang\/studienaufbau\" target=\"_blank\" rel=\"noopener\">Bonner Zentrums f\u00fcr Lehrerbildung (BZL)<\/a>.\r\n<h2>Ich bin mir nicht sicher, ob ich Informatik studieren soll!<\/h2>\r\nDu hast schon mal selber ein Programm geschrieben oder fandest Informatik in der Schule cool? Mit Computern konntest du schon immer gut umgehen? Das sind gute Voraussetzungen, wenn du \u00fcberlegst, ob du Informatik studieren willst.\r\n\r\nDir sollte aber klar sein, dass Informatik mehr ist als \u201eZocken\u201c, \u201eProgrammieren\u201c oder \u201eSachen mit dem PC machen\u201c. Insbesondere haben Mathematik und logisches Denken einen sehr gro\u00dfen Stellenwert. Lass dich davon aber nicht abschrecken!\r\n<h2>Ich bin mir nicht sicher, ob ich Cyber Security studieren soll!<\/h2>\r\nDu \u00fcberlegst Informatik zu studieren, h\u00e4ttest aber gerne etwas weniger Mathematik, l\u00f6st gerne Puzzle und du hast Spa\u00df daran dich mit Sicherheitsrelevanten Konzepten zu besch\u00e4ftigen? Dann ist Cyber Security eine gute Wahl f\u00fcr dich.\r\n\r\nWas aber klar sein sollte ist, dass Cyber Security mehr als nur das klassische Bild vom Hacker mit Hoodie vor seinem Rechner ist. Es geh\u00f6rt Risikoanalyse, Verst\u00e4ndnis f\u00fcr Mensch Computer Interaktion und daher auch das Schreiben von Analyseberichten dazu.\r\n<h2>Ich wei\u00df nicht ob ich Informatik oder Cyber Security studieren soll!<\/h2>\r\nErstmal k\u00f6nnen wir dich beruhigen, ein Wechsel von der Informatik zu Cyber Security oder umgekehrt ist grunds\u00e4tzlich nicht so schwierig. Viele der Pflichtmodule sind identisch und auch der Wahlpflichtbereich \u00fcberschneidet sich in weiten Teilen. Hei\u00dft wenn du dir nicht sicher bist fang einfach eins von beiden an und wenn du dich sp\u00e4ter um entscheidest ist das gar kein Problem.\r\n\r\nGrunds\u00e4tzlich ist es so, dass Cyber Security zwei Mathemodule weniger hat (die man trotzdem im Wahlpflicht h\u00f6ren darf) und sehr spezialisiert ist. Die Grundlagenvorlesungen sind jedoch die Gleichen, wie die der Informatik.\r\n<h2>Ich will Informatik\/Cyber Security studieren! Was muss ich jetzt tun?<\/h2>\r\n<ul>\r\n \t<li>Einschreiben! Wie, wo, und wann erf\u00e4hrst du <a href=\"https:\/\/www.uni-bonn.de\/de\/studium\/bewerbung-zulassung-und-einschreibung\/bewerbungsguide\" target=\"_blank\" rel=\"noopener\">hier<\/a>.<\/li>\r\n \t<li>Zu den Vorkursen gehen - Dort kannst du schon mal sehen, wie eine Vorlesung prinzipiell abl\u00e4uft und was die Unterschiede zur Schul-Mathematik sind bzw. grundlegende Programmiertechniken erlernen.<\/li>\r\n \t<li>Zur Orientierungseinheit kommen - Hier lernst du alles Wichtige \u00fcber dein Studium. Und du kannst ne Menge Leute kennenlernen und dabei viel Spa\u00df haben!<\/li>\r\n \t<li>Zu den ersten Vorlesungen gehen - auch hier erf\u00e4hrt man zu Beginn des Semesters viele wichtige Dinge\r\nZur Erstifahrt anmelden - macht wahnsinnig viel Spa\u00df und kostet nur 15 Euro!<\/li>\r\n<\/ul>\r\n<h2>Noch mehr Infos<\/h2>\r\nNoch mehr Informationen gibt es jedes Jahr in der <a href=\"https:\/\/www.fachschaft.info\/studienbeginn\/inform\/\">Inform<\/a>, unserer Zeitschrift f\u00fcr die Erstsemester und im <a href=\"https:\/\/www.fachschaft.info\/studienbeginn\/hochschulwoerterbuch\/\">Hochschulw\u00f6rterbuch<\/a>.\r\n<h2>Wie, wo, wann, was...?<\/h2>\r\nFalls hier was fehlt, was du unbedingt wissen willst: Wende dich einfach an die Fachschaft \u2013 wir helfen dir gerne weiter!","_de_post_name":"studienbeginn","_de_post_excerpt":"","_de_post_title":"Studienbeginn","_en_post_content":"Information on our Bachelor programs is only available in German <a href=\"https:\/\/www.fachschaft.info\/studienbeginn\/\">here<\/a>, as the programs are also in German.\r\n\r\nThe program we offer in English is our Master of Science - Computer Science.\r\n<h2>Master of Science - Computer Science<\/h2>\r\nOur master is a research oriented program with an expected length of 4 semesters. There are no mandatory courses, but you have to choose one main track, where you have to take your lab, seminar and 18 additional Credit Points. The rest of your credit points can be put into the other tracks as you like. The four tracks are:\r\n<ul>\r\n \t<li>Algorithmics<\/li>\r\n \t<li>Graphic, Vision and Audio<\/li>\r\n \t<li>Information and Communication Management<\/li>\r\n \t<li>Intelligent Systems<\/li>\r\n<\/ul>\r\nEach of these tracks offers a variety of lectures, labs, seminars and thesis-opportunities. For a current overview of the available modules, take a look at the <a href=\"https:\/\/basis.uni-bonn.de\/qisserver\/pages\/cs\/sys\/portal\/pages\/cm\/exa\/coursecatalog\/showCourseCatalog.xhtml?_flowId=showCourseCatalog-flow&_flowExecutionKey=e1s2\">course catalogue<\/a>.\r\n\r\nFor further readings we highly recommend our freshmen magazine <a href=\"https:\/\/www.fachschaft.info\/en\/studienbeginn\/master-inform\/\">Inform<\/a>.\r\n\r\nIf you are or will be an international student, check out the <a href=\"https:\/\/www.asta-bonn.de\/Referat_f%C3%BCr_internationale_Studierende\">International Students Department<\/a> of the AstA.\r\n\r\nMore information can also be found on the website of the <a href=\"https:\/\/www.informatik.uni-bonn.de\/en\/for-students\/master-of-science-in-computer-science\">Institut for Computer Science.<\/a>","_en_post_name":"studienbeginn","_en_post_excerpt":"","_en_post_title":"Start of studies","edit_language":"en","footnotes":""},"class_list":["post-118","page","type-page","status-publish","hentry"],"_links":{"self":[{"href":"https:\/\/www.fachschaft.info\/en\/wp-json\/wp\/v2\/pages\/118","targetHints":{"allow":["GET"]}}],"collection":[{"href":"https:\/\/www.fachschaft.info\/en\/wp-json\/wp\/v2\/pages"}],"about":[{"href":"https:\/\/www.fachschaft.info\/en\/wp-json\/wp\/v2\/types\/page"}],"author":[{"embeddable":true,"href":"https:\/\/www.fachschaft.info\/en\/wp-json\/wp\/v2\/users\/2"}],"replies":[{"embeddable":true,"href":"https:\/\/www.fachschaft.info\/en\/wp-json\/wp\/v2\/comments?post=118"}],"version-history":[{"count":26,"href":"https:\/\/www.fachschaft.info\/en\/wp-json\/wp\/v2\/pages\/118\/revisions"}],"predecessor-version":[{"id":2280,"href":"https:\/\/www.fachschaft.info\/en\/wp-json\/wp\/v2\/pages\/118\/revisions\/2280"}],"wp:attachment":[{"href":"https:\/\/www.fachschaft.info\/en\/wp-json\/wp\/v2\/media?parent=118"}],"curies":[{"name":"wp","href":"https:\/\/api.w.org\/{rel}","templated":true}]}}