{"id":111,"date":"2017-10-18T21:37:28","date_gmt":"2017-10-18T19:37:28","guid":{"rendered":"https:\/\/fs.archer.theus.name\/?page_id=111"},"modified":"2022-03-16T18:43:38","modified_gmt":"2022-03-16T17:43:38","slug":"lecture-evaluation","status":"publish","type":"page","link":"https:\/\/www.fachschaft.info\/en\/service\/lecture-evaluation\/","title":{"rendered":"Lecture Evaluation","raw":"Lecture Evaluation"},"content":{"rendered":"<p>The lecture evaluation is regularly conducted at the end of the semester during the lectures. The anonymous questionnaires are handed during a lecture and are analyzed by the student body.<\/p>\n<p>The results of the lecture evaluation are meant to rate and to improve the teaching. They can also help you to choose elective courses or to get an idea of a course beforehand.<\/p>\n<h2>Results<\/h2>\n<p>You can find all of our evalution results in this <a title=\"http:\/\/www.fachschaft.info\/vlu\/\" href=\"https:\/\/vlu.fachschaft.info\/\" target=\"_blank\" rel=\"noopener\">overview<\/a>.<\/p>\n","protected":false,"raw":"The lecture evaluation is regularly conducted at the end of the semester during the lectures. The anonymous questionnaires are handed during a lecture and are analyzed by the student body.\r\n\r\nThe results of the lecture evaluation are meant to rate and to improve the teaching. They can also help you to choose elective courses or to get an idea of a course beforehand.\r\n<h2>Results<\/h2>\r\nYou can find all of our evalution results in this <a title=\"http:\/\/www.fachschaft.info\/vlu\/\" href=\"https:\/\/vlu.fachschaft.info\/\" target=\"_blank\" rel=\"noopener\">overview<\/a>."},"excerpt":{"rendered":"","protected":false,"raw":""},"author":2,"featured_media":0,"parent":85,"menu_order":2,"comment_status":"closed","ping_status":"closed","template":"","meta":{"_de_post_content":"Die Vorlesungsumfrage (VLU) wird regelm\u00e4\u00dfig gegen Ende des Semesters in den Vorlesungen der Informatik durchgef\u00fchrt. Dazu werden in den Vorlesungen anonyme Bewertungsb\u00f6gen verteilt, die dann von der Fachschaft ausgewertet werden.\r\n\r\nDie Ergebnisse der Vorlesungsumfrage dienen zur Bewertung und Verbesserung der Lehre. Sie k\u00f6nnen euch auch helfen, Wahlpflichtvorlesungen auszuw\u00e4hlen oder einen Eindruck von einer Vorlesung zu erhalten.\r\n<h2>Ergebnisse<\/h2>\r\nDie Ergebnisse lassen sich hier einsehen: <a title=\"https:\/\/vlu.fachschaft.info\/\" href=\"https:\/\/vlu.fachschaft.info\/\" target=\"_blank\" rel=\"noopener\">\u00dcbersicht<\/a>","_de_post_name":"vorlesungsumfrage","_de_post_excerpt":"","_de_post_title":"Vorlesungsumfrage","_en_post_content":"The lecture evaluation is regularly conducted at the end of the semester during the lectures. The anonymous questionnaires are handed during a lecture and are analyzed by the student body.\r\n\r\nThe results of the lecture evaluation are meant to rate and to improve the teaching. They can also help you to choose elective courses or to get an idea of a course beforehand.\r\n<h2>Results<\/h2>\r\nYou can find all of our evalution results in this <a title=\"http:\/\/www.fachschaft.info\/vlu\/\" href=\"https:\/\/vlu.fachschaft.info\/\" target=\"_blank\" rel=\"noopener\">overview<\/a>.","_en_post_name":"lecture-evaluation","_en_post_excerpt":"","_en_post_title":"Lecture Evaluation","edit_language":"en","footnotes":""},"class_list":["post-111","page","type-page","status-publish","hentry"],"_links":{"self":[{"href":"https:\/\/www.fachschaft.info\/en\/wp-json\/wp\/v2\/pages\/111","targetHints":{"allow":["GET"]}}],"collection":[{"href":"https:\/\/www.fachschaft.info\/en\/wp-json\/wp\/v2\/pages"}],"about":[{"href":"https:\/\/www.fachschaft.info\/en\/wp-json\/wp\/v2\/types\/page"}],"author":[{"embeddable":true,"href":"https:\/\/www.fachschaft.info\/en\/wp-json\/wp\/v2\/users\/2"}],"replies":[{"embeddable":true,"href":"https:\/\/www.fachschaft.info\/en\/wp-json\/wp\/v2\/comments?post=111"}],"version-history":[{"count":18,"href":"https:\/\/www.fachschaft.info\/en\/wp-json\/wp\/v2\/pages\/111\/revisions"}],"predecessor-version":[{"id":1407,"href":"https:\/\/www.fachschaft.info\/en\/wp-json\/wp\/v2\/pages\/111\/revisions\/1407"}],"up":[{"embeddable":true,"href":"https:\/\/www.fachschaft.info\/en\/wp-json\/wp\/v2\/pages\/85"}],"wp:attachment":[{"href":"https:\/\/www.fachschaft.info\/en\/wp-json\/wp\/v2\/media?parent=111"}],"curies":[{"name":"wp","href":"https:\/\/api.w.org\/{rel}","templated":true}]}}